{"id":21956,"date":"2025-08-28T16:03:06","date_gmt":"2025-08-28T15:03:06","guid":{"rendered":"https:\/\/eem.wireframe.ie\/product\/future-smart-pokrywka-do-food-to-go-container-360-ml-pl\/"},"modified":"2026-03-08T12:32:36","modified_gmt":"2026-03-08T12:32:36","slug":"future-smart-pokrywka-do-food-to-go-container-360-ml-pl","status":"publish","type":"product","link":"https:\/\/eem.huhtamaki.com\/pl\/produkt\/future-smart-pokrywka-do-food-to-go-container-360-ml-pl\/","title":{"rendered":"Future Smart\u2122 pokrywka do Food To Go Container, 360 ml"},"content":{"rendered":"<p>Papierowa pokrywka Future Smart\u2122 przeznaczona do pojemnik\u00f3w food-to-go z tej samej linii. Wykonana z papieru z pow\u0142ok\u0105 na bazie trzciny cukrowej. Zapewnia szczelne zamkni\u0119cie i jest odpowiednia do sprzeda\u017cy na wynos.<\/p>\n","protected":false},"excerpt":{"rendered":"<p>Papierowa pokrywka Future Smart\u2122 przeznaczona do pojemnik\u00f3w food-to-go z tej samej linii. Wykonana z papieru z pow\u0142ok\u0105 na bazie trzciny cukrowej. Zapewnia szczelne zamkni\u0119cie i jest odpowiednia do sprzeda\u017cy na wynos.<\/p>\n","protected":false},"featured_media":29102,"comment_status":"open","ping_status":"closed","template":"","meta":{"_acf_changed":false,"_relevanssi_hide_post":"","_relevanssi_hide_content":"","_relevanssi_pin_for_all":"","_relevanssi_pin_keywords":"","_relevanssi_unpin_keywords":"","_relevanssi_related_keywords":"","_relevanssi_related_include_ids":"","_relevanssi_related_exclude_ids":"","_relevanssi_related_no_append":"","_relevanssi_related_not_related":"","_relevanssi_related_posts":"","_relevanssi_noindex_reason":""},"product_brand":[],"product_cat":[2533],"product_tag":[],"class_list":{"0":"post-21956","1":"product","2":"type-product","3":"status-publish","4":"has-post-thumbnail","6":"product_cat-wieczka-pl","7":"","8":"woocommerce-text-align-center","9":"woocommerce-image-align-center","10":"do-quantity-buttons","12":"first","13":"instock","14":"shipping-taxable","15":"purchasable","16":"product-type-simple"},"acf":[],"_links":{"self":[{"href":"https:\/\/eem.huhtamaki.com\/pl\/wp-json\/wp\/v2\/product\/21956","targetHints":{"allow":["GET"]}}],"collection":[{"href":"https:\/\/eem.huhtamaki.com\/pl\/wp-json\/wp\/v2\/product"}],"about":[{"href":"https:\/\/eem.huhtamaki.com\/pl\/wp-json\/wp\/v2\/types\/product"}],"replies":[{"embeddable":true,"href":"https:\/\/eem.huhtamaki.com\/pl\/wp-json\/wp\/v2\/comments?post=21956"}],"wp:featuredmedia":[{"embeddable":true,"href":"https:\/\/eem.huhtamaki.com\/pl\/wp-json\/wp\/v2\/media\/29102"}],"wp:attachment":[{"href":"https:\/\/eem.huhtamaki.com\/pl\/wp-json\/wp\/v2\/media?parent=21956"}],"wp:term":[{"taxonomy":"product_brand","embeddable":true,"href":"https:\/\/eem.huhtamaki.com\/pl\/wp-json\/wp\/v2\/product_brand?post=21956"},{"taxonomy":"product_cat","embeddable":true,"href":"https:\/\/eem.huhtamaki.com\/pl\/wp-json\/wp\/v2\/product_cat?post=21956"},{"taxonomy":"product_tag","embeddable":true,"href":"https:\/\/eem.huhtamaki.com\/pl\/wp-json\/wp\/v2\/product_tag?post=21956"}],"curies":[{"name":"wp","href":"https:\/\/api.w.org\/{rel}","templated":true}]}}