{"id":21963,"date":"2025-08-28T11:21:59","date_gmt":"2025-08-28T10:21:59","guid":{"rendered":"https:\/\/eem.wireframe.ie\/product\/taste-pudelko-food-to-go-z-okienkiem-large-pl\/"},"modified":"2026-02-23T13:39:57","modified_gmt":"2026-02-23T13:39:57","slug":"taste-pudelko-food-to-go-z-okienkiem-large-pl","status":"publish","type":"product","link":"https:\/\/eem.huhtamaki.com\/pl\/produkt\/taste-pudelko-food-to-go-z-okienkiem-large-pl\/","title":{"rendered":"Taste \u2013 pude\u0142ko Food to go z okienkiem, large"},"content":{"rendered":"<p>Stylowe pude\u0142ka take\u2011away, stworzone z my\u015bl\u0105 o nowoczesnej gastronomii. Idealnie sprawdz\u0105 si\u0119 zar\u00f3wno do gor\u0105cych, jak i zimnych da\u0144, a ich szczelna, solidna konstrukcja chroni posi\u0142ki w trakcie transportu. Mo\u017cna w nich wygodnie podgrza\u0107 danie, co czyni je wyj\u0105tkowo praktycznym rozwi\u0105zaniem dla foodservice. Dost\u0119pne w wielu rozmiarach, doskonale dopasowuj\u0105 si\u0119 do r\u00f3\u017cnorodnych porcji \u2014 od szybkich lunchy po pe\u0142ne dania na wynos.<\/p>\n","protected":false},"excerpt":{"rendered":"<p>Stylowe pude\u0142ka take\u2011away, stworzone z my\u015bl\u0105 o nowoczesnej gastronomii. Idealnie sprawdz\u0105 si\u0119 zar\u00f3wno do gor\u0105cych, jak i zimnych da\u0144, a ich szczelna, solidna konstrukcja chroni posi\u0142ki w trakcie transportu. Mo\u017cna w nich wygodnie podgrza\u0107 danie, co czyni je wyj\u0105tkowo praktycznym rozwi\u0105zaniem dla foodservice. Dost\u0119pne w wielu rozmiarach, doskonale dopasowuj\u0105 si\u0119 do r\u00f3\u017cnorodnych porcji \u2014 od &#8230; <a title=\"Taste \u2013 pude\u0142ko Food to go z okienkiem, large\" class=\"read-more\" href=\"https:\/\/eem.huhtamaki.com\/pl\/produkt\/taste-pudelko-food-to-go-z-okienkiem-large-pl\/\" aria-label=\"Dowiedz si\u0119 wi\u0119cej o Taste \u2013 pude\u0142ko Food to go z okienkiem, large\">Czytaj dalej<\/a><\/p>\n","protected":false},"featured_media":28639,"comment_status":"open","ping_status":"closed","template":"","meta":{"_acf_changed":false,"_relevanssi_hide_post":"","_relevanssi_hide_content":"","_relevanssi_pin_for_all":"","_relevanssi_pin_keywords":"","_relevanssi_unpin_keywords":"","_relevanssi_related_keywords":"","_relevanssi_related_include_ids":"","_relevanssi_related_exclude_ids":"","_relevanssi_related_no_append":"","_relevanssi_related_not_related":"","_relevanssi_related_posts":"","_relevanssi_noindex_reason":""},"product_brand":[],"product_cat":[2536],"product_tag":[],"class_list":{"0":"post-21963","1":"product","2":"type-product","3":"status-publish","4":"has-post-thumbnail","6":"product_cat-pudelka-pl","7":"","8":"woocommerce-text-align-center","9":"woocommerce-image-align-center","10":"do-quantity-buttons","12":"first","13":"instock","14":"shipping-taxable","15":"purchasable","16":"product-type-simple"},"acf":[],"_links":{"self":[{"href":"https:\/\/eem.huhtamaki.com\/pl\/wp-json\/wp\/v2\/product\/21963","targetHints":{"allow":["GET"]}}],"collection":[{"href":"https:\/\/eem.huhtamaki.com\/pl\/wp-json\/wp\/v2\/product"}],"about":[{"href":"https:\/\/eem.huhtamaki.com\/pl\/wp-json\/wp\/v2\/types\/product"}],"replies":[{"embeddable":true,"href":"https:\/\/eem.huhtamaki.com\/pl\/wp-json\/wp\/v2\/comments?post=21963"}],"wp:featuredmedia":[{"embeddable":true,"href":"https:\/\/eem.huhtamaki.com\/pl\/wp-json\/wp\/v2\/media\/28639"}],"wp:attachment":[{"href":"https:\/\/eem.huhtamaki.com\/pl\/wp-json\/wp\/v2\/media?parent=21963"}],"wp:term":[{"taxonomy":"product_brand","embeddable":true,"href":"https:\/\/eem.huhtamaki.com\/pl\/wp-json\/wp\/v2\/product_brand?post=21963"},{"taxonomy":"product_cat","embeddable":true,"href":"https:\/\/eem.huhtamaki.com\/pl\/wp-json\/wp\/v2\/product_cat?post=21963"},{"taxonomy":"product_tag","embeddable":true,"href":"https:\/\/eem.huhtamaki.com\/pl\/wp-json\/wp\/v2\/product_tag?post=21963"}],"curies":[{"name":"wp","href":"https:\/\/api.w.org\/{rel}","templated":true}]}}