{"id":21964,"date":"2025-08-28T16:05:39","date_gmt":"2025-08-28T15:05:39","guid":{"rendered":"https:\/\/eem.wireframe.ie\/product\/kubek-rozek-bialy-120-ml-pl\/"},"modified":"2026-03-08T13:02:11","modified_gmt":"2026-03-08T13:02:11","slug":"kubek-rozek-bialy-120-ml-pl","status":"publish","type":"product","link":"https:\/\/eem.huhtamaki.com\/pl\/produkt\/kubek-rozek-bialy-120-ml-pl\/","title":{"rendered":"Kubek ro\u017cek  \u2013 bia\u0142y, 120 ml"},"content":{"rendered":"<p>Ro\u017cki papierowe do wody to szybkie i wygodne rozwi\u0105zanie do podawania wody w miejscach o du\u017cym nat\u0119\u017ceniu ruchu \u2014 takich jak zak\u0142ady pracy, szko\u0142y czy obiekty sportowe. Zaprojektowane do jednorazowego u\u017cycia, u\u0142atwiaj\u0105 sprawne nawodnienie i eliminuj\u0105 problem pozostawionych, niedopitych kubk\u00f3w. Lekka forma i intuicyjne u\u017cytkowanie sprawiaj\u0105, \u017ce doskonale sprawdzaj\u0105 si\u0119 w codziennym serwisie samoobs\u0142ugowym.<\/p>\n","protected":false},"excerpt":{"rendered":"<p>Ro\u017cki papierowe do wody to szybkie i wygodne rozwi\u0105zanie do podawania wody w miejscach o du\u017cym nat\u0119\u017ceniu ruchu \u2014 takich jak zak\u0142ady pracy, szko\u0142y czy obiekty sportowe. Zaprojektowane do jednorazowego u\u017cycia, u\u0142atwiaj\u0105 sprawne nawodnienie i eliminuj\u0105 problem pozostawionych, niedopitych kubk\u00f3w. Lekka forma i intuicyjne u\u017cytkowanie sprawiaj\u0105, \u017ce doskonale sprawdzaj\u0105 si\u0119 w codziennym serwisie samoobs\u0142ugowym.<\/p>\n","protected":false},"featured_media":29189,"comment_status":"open","ping_status":"closed","template":"","meta":{"_acf_changed":false,"_relevanssi_hide_post":"","_relevanssi_hide_content":"","_relevanssi_pin_for_all":"","_relevanssi_pin_keywords":"","_relevanssi_unpin_keywords":"","_relevanssi_related_keywords":"","_relevanssi_related_include_ids":"","_relevanssi_related_exclude_ids":"","_relevanssi_related_no_append":"","_relevanssi_related_not_related":"","_relevanssi_related_posts":"","_relevanssi_noindex_reason":""},"product_brand":[],"product_cat":[2527],"product_tag":[],"class_list":{"0":"post-21964","1":"product","2":"type-product","3":"status-publish","4":"has-post-thumbnail","6":"product_cat-papierowe-kubki-na-zimne-napoje-pl","7":"","8":"woocommerce-text-align-center","9":"woocommerce-image-align-center","10":"do-quantity-buttons","12":"first","13":"instock","14":"shipping-taxable","15":"purchasable","16":"product-type-simple"},"acf":[],"_links":{"self":[{"href":"https:\/\/eem.huhtamaki.com\/pl\/wp-json\/wp\/v2\/product\/21964","targetHints":{"allow":["GET"]}}],"collection":[{"href":"https:\/\/eem.huhtamaki.com\/pl\/wp-json\/wp\/v2\/product"}],"about":[{"href":"https:\/\/eem.huhtamaki.com\/pl\/wp-json\/wp\/v2\/types\/product"}],"replies":[{"embeddable":true,"href":"https:\/\/eem.huhtamaki.com\/pl\/wp-json\/wp\/v2\/comments?post=21964"}],"wp:featuredmedia":[{"embeddable":true,"href":"https:\/\/eem.huhtamaki.com\/pl\/wp-json\/wp\/v2\/media\/29189"}],"wp:attachment":[{"href":"https:\/\/eem.huhtamaki.com\/pl\/wp-json\/wp\/v2\/media?parent=21964"}],"wp:term":[{"taxonomy":"product_brand","embeddable":true,"href":"https:\/\/eem.huhtamaki.com\/pl\/wp-json\/wp\/v2\/product_brand?post=21964"},{"taxonomy":"product_cat","embeddable":true,"href":"https:\/\/eem.huhtamaki.com\/pl\/wp-json\/wp\/v2\/product_cat?post=21964"},{"taxonomy":"product_tag","embeddable":true,"href":"https:\/\/eem.huhtamaki.com\/pl\/wp-json\/wp\/v2\/product_tag?post=21964"}],"curies":[{"name":"wp","href":"https:\/\/api.w.org\/{rel}","templated":true}]}}