{"id":21965,"date":"2025-08-28T16:05:42","date_gmt":"2025-08-28T15:05:42","guid":{"rendered":"https:\/\/eem.wireframe.ie\/product\/coffee-to-go-papierowy-kubek-na-gorace-napoje-350-ml-pl\/"},"modified":"2026-02-23T13:40:01","modified_gmt":"2026-02-23T13:40:01","slug":"coffee-to-go-papierowy-kubek-na-gorace-napoje-350-ml-pl","status":"publish","type":"product","link":"https:\/\/eem.huhtamaki.com\/pl\/produkt\/coffee-to-go-papierowy-kubek-na-gorace-napoje-350-ml-pl\/","title":{"rendered":"Coffee To Go \u2013 papierowy kubek na gor\u0105ce napoje, 350 ml"},"content":{"rendered":"<p>Jedno\u015bcienny kubek do gor\u0105cych napoj\u00f3w, zaprojektowany z my\u015bl\u0105 o wysokim komforcie u\u017cytkowania i codziennej niezawodno\u015bci. Lekka, solidna konstrukcja zapewnia pewny chwyt, a g\u0142adka powierzchnia nadaje mu elegancki, ponadczasowy wygl\u0105d. Idealny do serwowania napoj\u00f3w na wynos, \u0142\u0105czy estetyk\u0119 z wygod\u0105. W po\u0142\u0105czeniu z dedykowanymi wieczkami gwarantuje stabilno\u015b\u0107 napoju podczas transportu. SUPD Logo: PL, BG, CS, ET, EN, HR, HU, RO, SK, SL, IT, LV, LT, DE<\/p>\n","protected":false},"excerpt":{"rendered":"<p>Jedno\u015bcienny kubek do gor\u0105cych napoj\u00f3w, zaprojektowany z my\u015bl\u0105 o wysokim komforcie u\u017cytkowania i codziennej niezawodno\u015bci. Lekka, solidna konstrukcja zapewnia pewny chwyt, a g\u0142adka powierzchnia nadaje mu elegancki, ponadczasowy wygl\u0105d. Idealny do serwowania napoj\u00f3w na wynos, \u0142\u0105czy estetyk\u0119 z wygod\u0105. W po\u0142\u0105czeniu z dedykowanymi wieczkami gwarantuje stabilno\u015b\u0107 napoju podczas transportu. SUPD Logo: PL, BG, CS, ET, &#8230; <a title=\"Coffee To Go \u2013 papierowy kubek na gor\u0105ce napoje, 350 ml\" class=\"read-more\" href=\"https:\/\/eem.huhtamaki.com\/pl\/produkt\/coffee-to-go-papierowy-kubek-na-gorace-napoje-350-ml-pl\/\" aria-label=\"Dowiedz si\u0119 wi\u0119cej o Coffee To Go \u2013 papierowy kubek na gor\u0105ce napoje, 350 ml\">Czytaj dalej<\/a><\/p>\n","protected":false},"featured_media":28645,"comment_status":"open","ping_status":"closed","template":"","meta":{"_acf_changed":false,"_relevanssi_hide_post":"","_relevanssi_hide_content":"","_relevanssi_pin_for_all":"","_relevanssi_pin_keywords":"","_relevanssi_unpin_keywords":"","_relevanssi_related_keywords":"","_relevanssi_related_include_ids":"","_relevanssi_related_exclude_ids":"","_relevanssi_related_no_append":"","_relevanssi_related_not_related":"","_relevanssi_related_posts":"","_relevanssi_noindex_reason":""},"product_brand":[],"product_cat":[2529],"product_tag":[],"class_list":{"0":"post-21965","1":"product","2":"type-product","3":"status-publish","4":"has-post-thumbnail","6":"product_cat-papierowe-kubki-na-cieple-napoje-pl","7":"","8":"woocommerce-text-align-center","9":"woocommerce-image-align-center","10":"do-quantity-buttons","12":"first","13":"instock","14":"shipping-taxable","15":"purchasable","16":"product-type-simple"},"acf":[],"_links":{"self":[{"href":"https:\/\/eem.huhtamaki.com\/pl\/wp-json\/wp\/v2\/product\/21965","targetHints":{"allow":["GET"]}}],"collection":[{"href":"https:\/\/eem.huhtamaki.com\/pl\/wp-json\/wp\/v2\/product"}],"about":[{"href":"https:\/\/eem.huhtamaki.com\/pl\/wp-json\/wp\/v2\/types\/product"}],"replies":[{"embeddable":true,"href":"https:\/\/eem.huhtamaki.com\/pl\/wp-json\/wp\/v2\/comments?post=21965"}],"wp:featuredmedia":[{"embeddable":true,"href":"https:\/\/eem.huhtamaki.com\/pl\/wp-json\/wp\/v2\/media\/28645"}],"wp:attachment":[{"href":"https:\/\/eem.huhtamaki.com\/pl\/wp-json\/wp\/v2\/media?parent=21965"}],"wp:term":[{"taxonomy":"product_brand","embeddable":true,"href":"https:\/\/eem.huhtamaki.com\/pl\/wp-json\/wp\/v2\/product_brand?post=21965"},{"taxonomy":"product_cat","embeddable":true,"href":"https:\/\/eem.huhtamaki.com\/pl\/wp-json\/wp\/v2\/product_cat?post=21965"},{"taxonomy":"product_tag","embeddable":true,"href":"https:\/\/eem.huhtamaki.com\/pl\/wp-json\/wp\/v2\/product_tag?post=21965"}],"curies":[{"name":"wp","href":"https:\/\/api.w.org\/{rel}","templated":true}]}}