{"id":21966,"date":"2025-08-28T16:05:53","date_gmt":"2025-08-28T15:05:53","guid":{"rendered":"https:\/\/eem.wireframe.ie\/product\/future-smart-papierowy-kubek-na-gorace-napoje-180-ml-do-vendingu-pl\/"},"modified":"2026-03-08T13:10:36","modified_gmt":"2026-03-08T13:10:36","slug":"future-smart-papierowy-kubek-na-gorace-napoje-180-ml-do-vendingu-pl","status":"publish","type":"product","link":"https:\/\/eem.huhtamaki.com\/pl\/produkt\/future-smart-papierowy-kubek-na-gorace-napoje-180-ml-do-vendingu-pl\/","title":{"rendered":"Future Smart\u2122 papierowy kubek na gor\u0105ce napoje, 180 ml (do vendingu)"},"content":{"rendered":"<p>Jedno\u015bcienny kubek wykonany z materia\u0142\u00f3w pochodzenia ro\u015blinnego. Zastosowana biopow\u0142oka pozwala uzyska\u0107 trwa\u0142\u0105 barier\u0119 wewn\u0119trzn\u0105 bez u\u017cycia tworzyw kopalnych. G\u0142adka zewn\u0119trzna powierzchnia nadaje mu nowoczesny, estetyczny wygl\u0105d. Po po\u0142\u0105czeniu z dopasowanymi wieczkami zapewnia wygodne korzystanie z gor\u0105cych napoj\u00f3w w wersji na wynos. SUPD Logo: PL, BG, CS, ET, EN, HR, HU, RO, SK, SL, IT, LV, LT, DE<\/p>\n","protected":false},"excerpt":{"rendered":"<p>Jedno\u015bcienny kubek wykonany z materia\u0142\u00f3w pochodzenia ro\u015blinnego. Zastosowana biopow\u0142oka pozwala uzyska\u0107 trwa\u0142\u0105 barier\u0119 wewn\u0119trzn\u0105 bez u\u017cycia tworzyw kopalnych. G\u0142adka zewn\u0119trzna powierzchnia nadaje mu nowoczesny, estetyczny wygl\u0105d. Po po\u0142\u0105czeniu z dopasowanymi wieczkami zapewnia wygodne korzystanie z gor\u0105cych napoj\u00f3w w wersji na wynos. SUPD Logo: PL, BG, CS, ET, EN, HR, HU, RO, SK, SL, IT, LV, &#8230; <a title=\"Future Smart\u2122 papierowy kubek na gor\u0105ce napoje, 180 ml (do vendingu)\" class=\"read-more\" href=\"https:\/\/eem.huhtamaki.com\/pl\/produkt\/future-smart-papierowy-kubek-na-gorace-napoje-180-ml-do-vendingu-pl\/\" aria-label=\"Dowiedz si\u0119 wi\u0119cej o Future Smart\u2122 papierowy kubek na gor\u0105ce napoje, 180 ml (do vendingu)\">Czytaj dalej<\/a><\/p>\n","protected":false},"featured_media":29229,"comment_status":"open","ping_status":"closed","template":"","meta":{"_acf_changed":false,"_relevanssi_hide_post":"","_relevanssi_hide_content":"","_relevanssi_pin_for_all":"","_relevanssi_pin_keywords":"","_relevanssi_unpin_keywords":"","_relevanssi_related_keywords":"","_relevanssi_related_include_ids":"","_relevanssi_related_exclude_ids":"","_relevanssi_related_no_append":"","_relevanssi_related_not_related":"","_relevanssi_related_posts":"","_relevanssi_noindex_reason":""},"product_brand":[],"product_cat":[2529,2531],"product_tag":[],"class_list":{"0":"post-21966","1":"product","2":"type-product","3":"status-publish","4":"has-post-thumbnail","6":"product_cat-papierowe-kubki-na-cieple-napoje-pl","7":"product_cat-papierowe-kubki-vendingowe-pl","8":"","9":"woocommerce-text-align-center","10":"woocommerce-image-align-center","11":"do-quantity-buttons","13":"first","14":"instock","15":"shipping-taxable","16":"purchasable","17":"product-type-simple"},"acf":[],"_links":{"self":[{"href":"https:\/\/eem.huhtamaki.com\/pl\/wp-json\/wp\/v2\/product\/21966","targetHints":{"allow":["GET"]}}],"collection":[{"href":"https:\/\/eem.huhtamaki.com\/pl\/wp-json\/wp\/v2\/product"}],"about":[{"href":"https:\/\/eem.huhtamaki.com\/pl\/wp-json\/wp\/v2\/types\/product"}],"replies":[{"embeddable":true,"href":"https:\/\/eem.huhtamaki.com\/pl\/wp-json\/wp\/v2\/comments?post=21966"}],"wp:featuredmedia":[{"embeddable":true,"href":"https:\/\/eem.huhtamaki.com\/pl\/wp-json\/wp\/v2\/media\/29229"}],"wp:attachment":[{"href":"https:\/\/eem.huhtamaki.com\/pl\/wp-json\/wp\/v2\/media?parent=21966"}],"wp:term":[{"taxonomy":"product_brand","embeddable":true,"href":"https:\/\/eem.huhtamaki.com\/pl\/wp-json\/wp\/v2\/product_brand?post=21966"},{"taxonomy":"product_cat","embeddable":true,"href":"https:\/\/eem.huhtamaki.com\/pl\/wp-json\/wp\/v2\/product_cat?post=21966"},{"taxonomy":"product_tag","embeddable":true,"href":"https:\/\/eem.huhtamaki.com\/pl\/wp-json\/wp\/v2\/product_tag?post=21966"}],"curies":[{"name":"wp","href":"https:\/\/api.w.org\/{rel}","templated":true}]}}