{"id":22056,"date":"2025-08-28T16:12:28","date_gmt":"2025-08-28T15:12:28","guid":{"rendered":"https:\/\/eem.wireframe.ie\/product\/future-smart-tacka-z-wlokna-2-komorowa-a23-pl\/"},"modified":"2026-02-23T13:40:56","modified_gmt":"2026-02-23T13:40:56","slug":"future-smart-tacka-z-wlokna-2-komorowa-a23-pl","status":"publish","type":"product","link":"https:\/\/eem.huhtamaki.com\/pl\/produkt\/future-smart-tacka-z-wlokna-2-komorowa-a23-pl\/","title":{"rendered":"Future Smart\u2122 tacka z w\u0142\u00f3kna \u2013 2-komorowa, A23"},"content":{"rendered":"<p>Tacki na przek\u0105ski Fiber to lekkie i funkcjonalne rozwi\u0105zanie do serwowania r\u00f3\u017cnego rodzaju porcji \u2014 od ma\u0142ych przek\u0105sek po wi\u0119ksze zestawy. Dost\u0119pne w kilku praktycznych formatach, umo\u017cliwiaj\u0105 wygodne podawanie i przenoszenie da\u0144 w codziennym serwisie food\u2011to\u2011go.<\/p>\n","protected":false},"excerpt":{"rendered":"<p>Tacki na przek\u0105ski Fiber to lekkie i funkcjonalne rozwi\u0105zanie do serwowania r\u00f3\u017cnego rodzaju porcji \u2014 od ma\u0142ych przek\u0105sek po wi\u0119ksze zestawy. Dost\u0119pne w kilku praktycznych formatach, umo\u017cliwiaj\u0105 wygodne podawanie i przenoszenie da\u0144 w codziennym serwisie food\u2011to\u2011go.<\/p>\n","protected":false},"featured_media":28720,"comment_status":"open","ping_status":"closed","template":"","meta":{"_acf_changed":false,"_relevanssi_hide_post":"","_relevanssi_hide_content":"","_relevanssi_pin_for_all":"","_relevanssi_pin_keywords":"","_relevanssi_unpin_keywords":"","_relevanssi_related_keywords":"","_relevanssi_related_include_ids":"","_relevanssi_related_exclude_ids":"","_relevanssi_related_no_append":"","_relevanssi_related_not_related":"","_relevanssi_related_posts":"","_relevanssi_noindex_reason":""},"product_brand":[],"product_cat":[2539],"product_tag":[],"class_list":{"0":"post-22056","1":"product","2":"type-product","3":"status-publish","4":"has-post-thumbnail","6":"product_cat-tacki-pl","7":"","8":"woocommerce-text-align-center","9":"woocommerce-image-align-center","10":"do-quantity-buttons","12":"first","13":"instock","14":"shipping-taxable","15":"purchasable","16":"product-type-simple"},"acf":[],"_links":{"self":[{"href":"https:\/\/eem.huhtamaki.com\/pl\/wp-json\/wp\/v2\/product\/22056","targetHints":{"allow":["GET"]}}],"collection":[{"href":"https:\/\/eem.huhtamaki.com\/pl\/wp-json\/wp\/v2\/product"}],"about":[{"href":"https:\/\/eem.huhtamaki.com\/pl\/wp-json\/wp\/v2\/types\/product"}],"replies":[{"embeddable":true,"href":"https:\/\/eem.huhtamaki.com\/pl\/wp-json\/wp\/v2\/comments?post=22056"}],"wp:featuredmedia":[{"embeddable":true,"href":"https:\/\/eem.huhtamaki.com\/pl\/wp-json\/wp\/v2\/media\/28720"}],"wp:attachment":[{"href":"https:\/\/eem.huhtamaki.com\/pl\/wp-json\/wp\/v2\/media?parent=22056"}],"wp:term":[{"taxonomy":"product_brand","embeddable":true,"href":"https:\/\/eem.huhtamaki.com\/pl\/wp-json\/wp\/v2\/product_brand?post=22056"},{"taxonomy":"product_cat","embeddable":true,"href":"https:\/\/eem.huhtamaki.com\/pl\/wp-json\/wp\/v2\/product_cat?post=22056"},{"taxonomy":"product_tag","embeddable":true,"href":"https:\/\/eem.huhtamaki.com\/pl\/wp-json\/wp\/v2\/product_tag?post=22056"}],"curies":[{"name":"wp","href":"https:\/\/api.w.org\/{rel}","templated":true}]}}