{"id":22083,"date":"2025-08-28T16:14:24","date_gmt":"2025-08-28T15:14:24","guid":{"rendered":"https:\/\/eem.wireframe.ie\/product\/kilo-trays-pokrywka-z-wlokna-pl\/"},"modified":"2026-02-23T13:41:21","modified_gmt":"2026-02-23T13:41:21","slug":"kilo-trays-pokrywka-z-wlokna-pl","status":"publish","type":"product","link":"https:\/\/eem.huhtamaki.com\/pl\/produkt\/kilo-trays-pokrywka-z-wlokna-pl\/","title":{"rendered":"Kilo trays \u2013 pokrywka z w\u0142\u00f3kna"},"content":{"rendered":"<p>Pojemniki kilo\u2011tray sprawdzaj\u0105 si\u0119 przy serwowaniu gor\u0105cych i zimnych da\u0144, oferuj\u0105c siedem rozmiar\u00f3w oraz warianty z jedn\u0105 lub dwiema komorami. Dost\u0119pne s\u0105 dwie pokrywki \u2014 z w\u0142\u00f3kna lub transparentna PP. Linia obejmuje wersje C\u2011PET oraz fiber z barier\u0105 t\u0142uszczow\u0105, co pozwala dobra\u0107 odpowiedni pojemnik do rodzaju posi\u0142ku.<\/p>\n","protected":false},"excerpt":{"rendered":"<p>Pojemniki kilo\u2011tray sprawdzaj\u0105 si\u0119 przy serwowaniu gor\u0105cych i zimnych da\u0144, oferuj\u0105c siedem rozmiar\u00f3w oraz warianty z jedn\u0105 lub dwiema komorami. Dost\u0119pne s\u0105 dwie pokrywki \u2014 z w\u0142\u00f3kna lub transparentna PP. Linia obejmuje wersje C\u2011PET oraz fiber z barier\u0105 t\u0142uszczow\u0105, co pozwala dobra\u0107 odpowiedni pojemnik do rodzaju posi\u0142ku.<\/p>\n","protected":false},"featured_media":28749,"comment_status":"open","ping_status":"closed","template":"","meta":{"_acf_changed":false,"_relevanssi_hide_post":"","_relevanssi_hide_content":"","_relevanssi_pin_for_all":"","_relevanssi_pin_keywords":"","_relevanssi_unpin_keywords":"","_relevanssi_related_keywords":"","_relevanssi_related_include_ids":"","_relevanssi_related_exclude_ids":"","_relevanssi_related_no_append":"","_relevanssi_related_not_related":"","_relevanssi_related_posts":"","_relevanssi_noindex_reason":""},"product_brand":[],"product_cat":[2539,2533],"product_tag":[],"class_list":{"0":"post-22083","1":"product","2":"type-product","3":"status-publish","4":"has-post-thumbnail","6":"product_cat-tacki-pl","7":"product_cat-wieczka-pl","8":"","9":"woocommerce-text-align-center","10":"woocommerce-image-align-center","11":"do-quantity-buttons","13":"first","14":"instock","15":"shipping-taxable","16":"purchasable","17":"product-type-simple"},"acf":[],"_links":{"self":[{"href":"https:\/\/eem.huhtamaki.com\/pl\/wp-json\/wp\/v2\/product\/22083","targetHints":{"allow":["GET"]}}],"collection":[{"href":"https:\/\/eem.huhtamaki.com\/pl\/wp-json\/wp\/v2\/product"}],"about":[{"href":"https:\/\/eem.huhtamaki.com\/pl\/wp-json\/wp\/v2\/types\/product"}],"replies":[{"embeddable":true,"href":"https:\/\/eem.huhtamaki.com\/pl\/wp-json\/wp\/v2\/comments?post=22083"}],"wp:featuredmedia":[{"embeddable":true,"href":"https:\/\/eem.huhtamaki.com\/pl\/wp-json\/wp\/v2\/media\/28749"}],"wp:attachment":[{"href":"https:\/\/eem.huhtamaki.com\/pl\/wp-json\/wp\/v2\/media?parent=22083"}],"wp:term":[{"taxonomy":"product_brand","embeddable":true,"href":"https:\/\/eem.huhtamaki.com\/pl\/wp-json\/wp\/v2\/product_brand?post=22083"},{"taxonomy":"product_cat","embeddable":true,"href":"https:\/\/eem.huhtamaki.com\/pl\/wp-json\/wp\/v2\/product_cat?post=22083"},{"taxonomy":"product_tag","embeddable":true,"href":"https:\/\/eem.huhtamaki.com\/pl\/wp-json\/wp\/v2\/product_tag?post=22083"}],"curies":[{"name":"wp","href":"https:\/\/api.w.org\/{rel}","templated":true}]}}