{"id":22084,"date":"2025-08-28T16:14:27","date_gmt":"2025-08-28T15:14:27","guid":{"rendered":"https:\/\/eem.wireframe.ie\/product\/kilo-trays-pokrywka-plastikowa-pl\/"},"modified":"2026-02-23T13:41:23","modified_gmt":"2026-02-23T13:41:23","slug":"kilo-trays-pokrywka-plastikowa-pl","status":"publish","type":"product","link":"https:\/\/eem.huhtamaki.com\/pl\/produkt\/kilo-trays-pokrywka-plastikowa-pl\/","title":{"rendered":"Kilo trays \u2013 pokrywka plastikowa"},"content":{"rendered":"<p>Przezroczyste wieczka PP zaprojektowane do tacek Fiber Kilo zapewniaj\u0105 pewne zamkni\u0119cie i umo\u017cliwiaj\u0105 wygodne sztaplowanie. Stabilna konstrukcja chroni posi\u0142ek podczas transportu, dzi\u0119ki czemu \u015bwietnie sprawdzaj\u0105 si\u0119 w zastosowaniach food\u2011to\u2011go oraz w dostawach.<\/p>\n","protected":false},"excerpt":{"rendered":"<p>Przezroczyste wieczka PP zaprojektowane do tacek Fiber Kilo zapewniaj\u0105 pewne zamkni\u0119cie i umo\u017cliwiaj\u0105 wygodne sztaplowanie. Stabilna konstrukcja chroni posi\u0142ek podczas transportu, dzi\u0119ki czemu \u015bwietnie sprawdzaj\u0105 si\u0119 w zastosowaniach food\u2011to\u2011go oraz w dostawach.<\/p>\n","protected":false},"featured_media":28750,"comment_status":"open","ping_status":"closed","template":"","meta":{"_acf_changed":false,"_relevanssi_hide_post":"","_relevanssi_hide_content":"","_relevanssi_pin_for_all":"","_relevanssi_pin_keywords":"","_relevanssi_unpin_keywords":"","_relevanssi_related_keywords":"","_relevanssi_related_include_ids":"","_relevanssi_related_exclude_ids":"","_relevanssi_related_no_append":"","_relevanssi_related_not_related":"","_relevanssi_related_posts":"","_relevanssi_noindex_reason":""},"product_brand":[],"product_cat":[2539,2533],"product_tag":[],"class_list":{"0":"post-22084","1":"product","2":"type-product","3":"status-publish","4":"has-post-thumbnail","6":"product_cat-tacki-pl","7":"product_cat-wieczka-pl","8":"","9":"woocommerce-text-align-center","10":"woocommerce-image-align-center","11":"do-quantity-buttons","13":"first","14":"instock","15":"shipping-taxable","16":"purchasable","17":"product-type-simple"},"acf":[],"_links":{"self":[{"href":"https:\/\/eem.huhtamaki.com\/pl\/wp-json\/wp\/v2\/product\/22084","targetHints":{"allow":["GET"]}}],"collection":[{"href":"https:\/\/eem.huhtamaki.com\/pl\/wp-json\/wp\/v2\/product"}],"about":[{"href":"https:\/\/eem.huhtamaki.com\/pl\/wp-json\/wp\/v2\/types\/product"}],"replies":[{"embeddable":true,"href":"https:\/\/eem.huhtamaki.com\/pl\/wp-json\/wp\/v2\/comments?post=22084"}],"wp:featuredmedia":[{"embeddable":true,"href":"https:\/\/eem.huhtamaki.com\/pl\/wp-json\/wp\/v2\/media\/28750"}],"wp:attachment":[{"href":"https:\/\/eem.huhtamaki.com\/pl\/wp-json\/wp\/v2\/media?parent=22084"}],"wp:term":[{"taxonomy":"product_brand","embeddable":true,"href":"https:\/\/eem.huhtamaki.com\/pl\/wp-json\/wp\/v2\/product_brand?post=22084"},{"taxonomy":"product_cat","embeddable":true,"href":"https:\/\/eem.huhtamaki.com\/pl\/wp-json\/wp\/v2\/product_cat?post=22084"},{"taxonomy":"product_tag","embeddable":true,"href":"https:\/\/eem.huhtamaki.com\/pl\/wp-json\/wp\/v2\/product_tag?post=22084"}],"curies":[{"name":"wp","href":"https:\/\/api.w.org\/{rel}","templated":true}]}}