{"id":22085,"date":"2025-08-28T16:14:30","date_gmt":"2025-08-28T15:14:30","guid":{"rendered":"https:\/\/eem.wireframe.ie\/product\/uchwyt-na-2-kubki-pl\/"},"modified":"2026-02-23T13:41:25","modified_gmt":"2026-02-23T13:41:25","slug":"podajnik-dwukomorowy-pl","status":"publish","type":"product","link":"https:\/\/eem.huhtamaki.com\/pl\/produkt\/podajnik-dwukomorowy-pl\/","title":{"rendered":"Podajnik dwukomorowy"},"content":{"rendered":"<p>Podajniki na kubki z formowanej masy papierowej przeznaczone s\u0105 do bezpiecznego przenoszenia nape\u0142nionych kubk\u00f3w. Ich stabilna konstrukcja zmniejsza ryzyko przewr\u00f3cenia lub rozlania napoj\u00f3w, dzi\u0119ki czemu sprawdzaj\u0105 si\u0119 w sprzeda\u017cy na wynos oraz w dostawach. Produkt jest gotowy do u\u017cycia i odpowiedni do przenoszenia kubk\u00f3w w r\u00f3\u017cnych rozmiarach<\/p>\n","protected":false},"excerpt":{"rendered":"<p>Podajniki na kubki z formowanej masy papierowej przeznaczone s\u0105 do bezpiecznego przenoszenia nape\u0142nionych kubk\u00f3w. Ich stabilna konstrukcja zmniejsza ryzyko przewr\u00f3cenia lub rozlania napoj\u00f3w, dzi\u0119ki czemu sprawdzaj\u0105 si\u0119 w sprzeda\u017cy na wynos oraz w dostawach. Produkt jest gotowy do u\u017cycia i odpowiedni do przenoszenia kubk\u00f3w w r\u00f3\u017cnych rozmiarach<\/p>\n","protected":false},"featured_media":28751,"comment_status":"open","ping_status":"closed","template":"","meta":{"_acf_changed":false,"_relevanssi_hide_post":"","_relevanssi_hide_content":"","_relevanssi_pin_for_all":"","_relevanssi_pin_keywords":"","_relevanssi_unpin_keywords":"","_relevanssi_related_keywords":"","_relevanssi_related_include_ids":"","_relevanssi_related_exclude_ids":"","_relevanssi_related_no_append":"","_relevanssi_related_not_related":"","_relevanssi_related_posts":"","_relevanssi_noindex_reason":""},"product_brand":[],"product_cat":[2535],"product_tag":[],"class_list":{"0":"post-22085","1":"product","2":"type-product","3":"status-publish","4":"has-post-thumbnail","6":"product_cat-nosidelka-pl","7":"","8":"woocommerce-text-align-center","9":"woocommerce-image-align-center","10":"do-quantity-buttons","12":"first","13":"instock","14":"shipping-taxable","15":"purchasable","16":"product-type-simple"},"acf":[],"_links":{"self":[{"href":"https:\/\/eem.huhtamaki.com\/pl\/wp-json\/wp\/v2\/product\/22085","targetHints":{"allow":["GET"]}}],"collection":[{"href":"https:\/\/eem.huhtamaki.com\/pl\/wp-json\/wp\/v2\/product"}],"about":[{"href":"https:\/\/eem.huhtamaki.com\/pl\/wp-json\/wp\/v2\/types\/product"}],"replies":[{"embeddable":true,"href":"https:\/\/eem.huhtamaki.com\/pl\/wp-json\/wp\/v2\/comments?post=22085"}],"wp:featuredmedia":[{"embeddable":true,"href":"https:\/\/eem.huhtamaki.com\/pl\/wp-json\/wp\/v2\/media\/28751"}],"wp:attachment":[{"href":"https:\/\/eem.huhtamaki.com\/pl\/wp-json\/wp\/v2\/media?parent=22085"}],"wp:term":[{"taxonomy":"product_brand","embeddable":true,"href":"https:\/\/eem.huhtamaki.com\/pl\/wp-json\/wp\/v2\/product_brand?post=22085"},{"taxonomy":"product_cat","embeddable":true,"href":"https:\/\/eem.huhtamaki.com\/pl\/wp-json\/wp\/v2\/product_cat?post=22085"},{"taxonomy":"product_tag","embeddable":true,"href":"https:\/\/eem.huhtamaki.com\/pl\/wp-json\/wp\/v2\/product_tag?post=22085"}],"curies":[{"name":"wp","href":"https:\/\/api.w.org\/{rel}","templated":true}]}}