{"id":22087,"date":"2025-08-28T16:14:53","date_gmt":"2025-08-28T15:14:53","guid":{"rendered":"https:\/\/eem.wireframe.ie\/product\/enjoy-papierowy-kubek-na-zimne-napoje-300-ml-pl\/"},"modified":"2026-02-23T13:41:29","modified_gmt":"2026-02-23T13:41:29","slug":"enjoy-papierowy-kubek-na-zimne-napoje-300-ml-pl","status":"publish","type":"product","link":"https:\/\/eem.huhtamaki.com\/pl\/produkt\/enjoy-papierowy-kubek-na-zimne-napoje-300-ml-pl\/","title":{"rendered":"Enjoy \u2013 papierowy kubek na zimne napoje, 300 ml"},"content":{"rendered":"<p>Kubek do zimnych napoj\u00f3w ENJOY wyr\u00f3\u017cnia si\u0119 delikatnym, pastelowym wzorem, kt\u00f3ry nadaje mu elegancki i nowoczesny charakter. Stonowana kolorystyka tworzy przyjemny, harmonijny efekt wizualny. Precyzyjnie zaprojektowana konstrukcja zapewnia komfort u\u017cytkowania i niezawodno\u015b\u0107 przy serwowaniu r\u00f3\u017cnorodnych napoj\u00f3w na zimno. SUPD Logo: PL, BG, CS, ET, EN, HR, HU, RO, SK, SL, IT, LV, LT, DE<\/p>\n","protected":false},"excerpt":{"rendered":"<p>Kubek do zimnych napoj\u00f3w ENJOY wyr\u00f3\u017cnia si\u0119 delikatnym, pastelowym wzorem, kt\u00f3ry nadaje mu elegancki i nowoczesny charakter. Stonowana kolorystyka tworzy przyjemny, harmonijny efekt wizualny. Precyzyjnie zaprojektowana konstrukcja zapewnia komfort u\u017cytkowania i niezawodno\u015b\u0107 przy serwowaniu r\u00f3\u017cnorodnych napoj\u00f3w na zimno. SUPD Logo: PL, BG, CS, ET, EN, HR, HU, RO, SK, SL, IT, LV, LT, DE<\/p>\n","protected":false},"featured_media":28756,"comment_status":"open","ping_status":"closed","template":"","meta":{"_acf_changed":false,"_relevanssi_hide_post":"","_relevanssi_hide_content":"","_relevanssi_pin_for_all":"","_relevanssi_pin_keywords":"","_relevanssi_unpin_keywords":"","_relevanssi_related_keywords":"","_relevanssi_related_include_ids":"","_relevanssi_related_exclude_ids":"","_relevanssi_related_no_append":"","_relevanssi_related_not_related":"","_relevanssi_related_posts":"","_relevanssi_noindex_reason":""},"product_brand":[],"product_cat":[2527],"product_tag":[],"class_list":{"0":"post-22087","1":"product","2":"type-product","3":"status-publish","4":"has-post-thumbnail","6":"product_cat-papierowe-kubki-na-zimne-napoje-pl","7":"","8":"woocommerce-text-align-center","9":"woocommerce-image-align-center","10":"do-quantity-buttons","12":"first","13":"instock","14":"shipping-taxable","15":"purchasable","16":"product-type-simple"},"acf":[],"_links":{"self":[{"href":"https:\/\/eem.huhtamaki.com\/pl\/wp-json\/wp\/v2\/product\/22087","targetHints":{"allow":["GET"]}}],"collection":[{"href":"https:\/\/eem.huhtamaki.com\/pl\/wp-json\/wp\/v2\/product"}],"about":[{"href":"https:\/\/eem.huhtamaki.com\/pl\/wp-json\/wp\/v2\/types\/product"}],"replies":[{"embeddable":true,"href":"https:\/\/eem.huhtamaki.com\/pl\/wp-json\/wp\/v2\/comments?post=22087"}],"wp:featuredmedia":[{"embeddable":true,"href":"https:\/\/eem.huhtamaki.com\/pl\/wp-json\/wp\/v2\/media\/28756"}],"wp:attachment":[{"href":"https:\/\/eem.huhtamaki.com\/pl\/wp-json\/wp\/v2\/media?parent=22087"}],"wp:term":[{"taxonomy":"product_brand","embeddable":true,"href":"https:\/\/eem.huhtamaki.com\/pl\/wp-json\/wp\/v2\/product_brand?post=22087"},{"taxonomy":"product_cat","embeddable":true,"href":"https:\/\/eem.huhtamaki.com\/pl\/wp-json\/wp\/v2\/product_cat?post=22087"},{"taxonomy":"product_tag","embeddable":true,"href":"https:\/\/eem.huhtamaki.com\/pl\/wp-json\/wp\/v2\/product_tag?post=22087"}],"curies":[{"name":"wp","href":"https:\/\/api.w.org\/{rel}","templated":true}]}}