{"id":22090,"date":"2025-09-16T13:23:05","date_gmt":"2025-09-16T12:23:05","guid":{"rendered":"https:\/\/eem.wireframe.ie\/product\/plaska-pokrywka-z-krzyzowym-otworem-o-90-mm-pl\/"},"modified":"2026-02-23T13:41:34","modified_gmt":"2026-02-23T13:41:34","slug":"plaska-pokrywka-z-krzyzowym-otworem-o-90-mm-pl","status":"publish","type":"product","link":"https:\/\/eem.huhtamaki.com\/pl\/produkt\/plaska-pokrywka-z-krzyzowym-otworem-o-90-mm-pl\/","title":{"rendered":"P\u0142aska pokrywka z krzy\u017cowym otworem, o 90 mm"},"content":{"rendered":"<p>Przezroczyste wieczko z naci\u0119ciem krzy\u017cowym, kompatybilne z kubkami 300 ml, 400 ml i 500 ml. Naci\u0119cie u\u0142atwia korzystanie ze s\u0142omek, zapewniaj\u0105c wygodne serwowanie napoj\u00f3w w formacie to\u2011go.<\/p>\n","protected":false},"excerpt":{"rendered":"<p>Przezroczyste wieczko z naci\u0119ciem krzy\u017cowym, kompatybilne z kubkami 300 ml, 400 ml i 500 ml. Naci\u0119cie u\u0142atwia korzystanie ze s\u0142omek, zapewniaj\u0105c wygodne serwowanie napoj\u00f3w w formacie to\u2011go.<\/p>\n","protected":false},"featured_media":28770,"comment_status":"open","ping_status":"closed","template":"","meta":{"_acf_changed":false,"_relevanssi_hide_post":"","_relevanssi_hide_content":"","_relevanssi_pin_for_all":"","_relevanssi_pin_keywords":"","_relevanssi_unpin_keywords":"","_relevanssi_related_keywords":"","_relevanssi_related_include_ids":"","_relevanssi_related_exclude_ids":"","_relevanssi_related_no_append":"","_relevanssi_related_not_related":"","_relevanssi_related_posts":"","_relevanssi_noindex_reason":""},"product_brand":[],"product_cat":[2550,2533],"product_tag":[],"class_list":{"0":"post-22090","1":"product","2":"type-product","3":"status-publish","4":"has-post-thumbnail","6":"product_cat-time-to-refresh-pl","7":"product_cat-wieczka-pl","8":"","9":"woocommerce-text-align-center","10":"woocommerce-image-align-center","11":"do-quantity-buttons","13":"first","14":"instock","15":"shipping-taxable","16":"purchasable","17":"product-type-simple"},"acf":[],"_links":{"self":[{"href":"https:\/\/eem.huhtamaki.com\/pl\/wp-json\/wp\/v2\/product\/22090","targetHints":{"allow":["GET"]}}],"collection":[{"href":"https:\/\/eem.huhtamaki.com\/pl\/wp-json\/wp\/v2\/product"}],"about":[{"href":"https:\/\/eem.huhtamaki.com\/pl\/wp-json\/wp\/v2\/types\/product"}],"replies":[{"embeddable":true,"href":"https:\/\/eem.huhtamaki.com\/pl\/wp-json\/wp\/v2\/comments?post=22090"}],"wp:featuredmedia":[{"embeddable":true,"href":"https:\/\/eem.huhtamaki.com\/pl\/wp-json\/wp\/v2\/media\/28770"}],"wp:attachment":[{"href":"https:\/\/eem.huhtamaki.com\/pl\/wp-json\/wp\/v2\/media?parent=22090"}],"wp:term":[{"taxonomy":"product_brand","embeddable":true,"href":"https:\/\/eem.huhtamaki.com\/pl\/wp-json\/wp\/v2\/product_brand?post=22090"},{"taxonomy":"product_cat","embeddable":true,"href":"https:\/\/eem.huhtamaki.com\/pl\/wp-json\/wp\/v2\/product_cat?post=22090"},{"taxonomy":"product_tag","embeddable":true,"href":"https:\/\/eem.huhtamaki.com\/pl\/wp-json\/wp\/v2\/product_tag?post=22090"}],"curies":[{"name":"wp","href":"https:\/\/api.w.org\/{rel}","templated":true}]}}