{"id":22092,"date":"2025-09-16T13:23:13","date_gmt":"2025-09-16T12:23:13","guid":{"rendered":"https:\/\/eem.wireframe.ie\/product\/papierowa-slomka-biala-204-x-73-mm-pojedynczo-pakowana-pl\/"},"modified":"2026-02-23T13:41:38","modified_gmt":"2026-02-23T13:41:38","slug":"papierowa-slomka-biala-204-x-73-mm-pojedynczo-pakowana-pl","status":"publish","type":"product","link":"https:\/\/eem.huhtamaki.com\/pl\/produkt\/papierowa-slomka-biala-204-x-73-mm-pojedynczo-pakowana-pl\/","title":{"rendered":"Papierowa s\u0142omka bia\u0142a \u2013 204 \u00d7 7,3 mm, pojedynczo pakowana"},"content":{"rendered":"<p>Papierowa s\u0142omka w owijce to wygodne i higieniczne rozwi\u0105zanie do serwowania napoj\u00f3w w punktach food\u2011to\u2011go. Owijka \u0142atwo si\u0119 zdejmuje, a solidnie wykonana s\u0142omka zapewnia komfortowe u\u017cytkowanie i niezawodne dzia\u0142anie.<\/p>\n","protected":false},"excerpt":{"rendered":"<p>Papierowa s\u0142omka w owijce to wygodne i higieniczne rozwi\u0105zanie do serwowania napoj\u00f3w w punktach food\u2011to\u2011go. Owijka \u0142atwo si\u0119 zdejmuje, a solidnie wykonana s\u0142omka zapewnia komfortowe u\u017cytkowanie i niezawodne dzia\u0142anie.<\/p>\n","protected":false},"featured_media":28772,"comment_status":"open","ping_status":"closed","template":"","meta":{"_acf_changed":false,"_relevanssi_hide_post":"","_relevanssi_hide_content":"","_relevanssi_pin_for_all":"","_relevanssi_pin_keywords":"","_relevanssi_unpin_keywords":"","_relevanssi_related_keywords":"","_relevanssi_related_include_ids":"","_relevanssi_related_exclude_ids":"","_relevanssi_related_no_append":"","_relevanssi_related_not_related":"","_relevanssi_related_posts":"","_relevanssi_noindex_reason":""},"product_brand":[],"product_cat":[2550,2543],"product_tag":[],"class_list":{"0":"post-22092","1":"product","2":"type-product","3":"status-publish","4":"has-post-thumbnail","6":"product_cat-time-to-refresh-pl","7":"product_cat-slomki-pl","8":"","9":"woocommerce-text-align-center","10":"woocommerce-image-align-center","11":"do-quantity-buttons","13":"first","14":"instock","15":"shipping-taxable","16":"purchasable","17":"product-type-simple"},"acf":[],"_links":{"self":[{"href":"https:\/\/eem.huhtamaki.com\/pl\/wp-json\/wp\/v2\/product\/22092","targetHints":{"allow":["GET"]}}],"collection":[{"href":"https:\/\/eem.huhtamaki.com\/pl\/wp-json\/wp\/v2\/product"}],"about":[{"href":"https:\/\/eem.huhtamaki.com\/pl\/wp-json\/wp\/v2\/types\/product"}],"replies":[{"embeddable":true,"href":"https:\/\/eem.huhtamaki.com\/pl\/wp-json\/wp\/v2\/comments?post=22092"}],"wp:featuredmedia":[{"embeddable":true,"href":"https:\/\/eem.huhtamaki.com\/pl\/wp-json\/wp\/v2\/media\/28772"}],"wp:attachment":[{"href":"https:\/\/eem.huhtamaki.com\/pl\/wp-json\/wp\/v2\/media?parent=22092"}],"wp:term":[{"taxonomy":"product_brand","embeddable":true,"href":"https:\/\/eem.huhtamaki.com\/pl\/wp-json\/wp\/v2\/product_brand?post=22092"},{"taxonomy":"product_cat","embeddable":true,"href":"https:\/\/eem.huhtamaki.com\/pl\/wp-json\/wp\/v2\/product_cat?post=22092"},{"taxonomy":"product_tag","embeddable":true,"href":"https:\/\/eem.huhtamaki.com\/pl\/wp-json\/wp\/v2\/product_tag?post=22092"}],"curies":[{"name":"wp","href":"https:\/\/api.w.org\/{rel}","templated":true}]}}