{"id":22093,"date":"2025-09-16T13:23:21","date_gmt":"2025-09-16T12:23:21","guid":{"rendered":"https:\/\/eem.wireframe.ie\/product\/pokrywka-z-wlokna-o-63-mm-pl\/"},"modified":"2026-02-23T13:41:40","modified_gmt":"2026-02-23T13:41:40","slug":"pokrywka-z-wlokna-o-63-mm-pl","status":"publish","type":"product","link":"https:\/\/eem.huhtamaki.com\/pl\/produkt\/pokrywka-z-wlokna-o-63-mm-pl\/","title":{"rendered":"Pokrywka z w\u0142\u00f3kna o 63 mm"},"content":{"rendered":"<p>Fiber lids to estetyczne pokrywki do kubk\u00f3w papierowych, przeznaczone do serwowania napoj\u00f3w na ciep\u0142o i na zimno. Skutecznie zabezpieczaj\u0105 nap\u00f3j przed rozchlapywaniem podczas przenoszenia i u\u017cytkowania. Ka\u017cdy rozmiar zosta\u0142 zaprojektowany tak, aby precyzyjnie pasowa\u0142 do wybranych rozmiar\u00f3w kubk\u00f3w. Dost\u0119pne w wybranych rozmiarach.<\/p>\n","protected":false},"excerpt":{"rendered":"<p>Fiber lids to estetyczne pokrywki do kubk\u00f3w papierowych, przeznaczone do serwowania napoj\u00f3w na ciep\u0142o i na zimno. Skutecznie zabezpieczaj\u0105 nap\u00f3j przed rozchlapywaniem podczas przenoszenia i u\u017cytkowania. Ka\u017cdy rozmiar zosta\u0142 zaprojektowany tak, aby precyzyjnie pasowa\u0142 do wybranych rozmiar\u00f3w kubk\u00f3w. Dost\u0119pne w wybranych rozmiarach.<\/p>\n","protected":false},"featured_media":28773,"comment_status":"open","ping_status":"closed","template":"","meta":{"_acf_changed":false,"_relevanssi_hide_post":"","_relevanssi_hide_content":"","_relevanssi_pin_for_all":"","_relevanssi_pin_keywords":"","_relevanssi_unpin_keywords":"","_relevanssi_related_keywords":"","_relevanssi_related_include_ids":"","_relevanssi_related_exclude_ids":"","_relevanssi_related_no_append":"","_relevanssi_related_not_related":"","_relevanssi_related_posts":"","_relevanssi_noindex_reason":""},"product_brand":[],"product_cat":[2533],"product_tag":[],"class_list":{"0":"post-22093","1":"product","2":"type-product","3":"status-publish","4":"has-post-thumbnail","6":"product_cat-wieczka-pl","7":"","8":"woocommerce-text-align-center","9":"woocommerce-image-align-center","10":"do-quantity-buttons","12":"first","13":"instock","14":"shipping-taxable","15":"purchasable","16":"product-type-simple"},"acf":[],"_links":{"self":[{"href":"https:\/\/eem.huhtamaki.com\/pl\/wp-json\/wp\/v2\/product\/22093","targetHints":{"allow":["GET"]}}],"collection":[{"href":"https:\/\/eem.huhtamaki.com\/pl\/wp-json\/wp\/v2\/product"}],"about":[{"href":"https:\/\/eem.huhtamaki.com\/pl\/wp-json\/wp\/v2\/types\/product"}],"replies":[{"embeddable":true,"href":"https:\/\/eem.huhtamaki.com\/pl\/wp-json\/wp\/v2\/comments?post=22093"}],"wp:featuredmedia":[{"embeddable":true,"href":"https:\/\/eem.huhtamaki.com\/pl\/wp-json\/wp\/v2\/media\/28773"}],"wp:attachment":[{"href":"https:\/\/eem.huhtamaki.com\/pl\/wp-json\/wp\/v2\/media?parent=22093"}],"wp:term":[{"taxonomy":"product_brand","embeddable":true,"href":"https:\/\/eem.huhtamaki.com\/pl\/wp-json\/wp\/v2\/product_brand?post=22093"},{"taxonomy":"product_cat","embeddable":true,"href":"https:\/\/eem.huhtamaki.com\/pl\/wp-json\/wp\/v2\/product_cat?post=22093"},{"taxonomy":"product_tag","embeddable":true,"href":"https:\/\/eem.huhtamaki.com\/pl\/wp-json\/wp\/v2\/product_tag?post=22093"}],"curies":[{"name":"wp","href":"https:\/\/api.w.org\/{rel}","templated":true}]}}