{"id":22097,"date":"2025-09-16T13:23:43","date_gmt":"2025-09-16T12:23:43","guid":{"rendered":"https:\/\/eem.wireframe.ie\/product\/future-smart-talerz-z-wlokna-o-25-cm-pl\/"},"modified":"2026-02-23T13:41:45","modified_gmt":"2026-02-23T13:41:45","slug":"future-smart-talerz-z-wlokna-o-25-cm-pl","status":"publish","type":"product","link":"https:\/\/eem.huhtamaki.com\/pl\/produkt\/future-smart-talerz-z-wlokna-o-25-cm-pl\/","title":{"rendered":"Future Smart\u2122 talerz z w\u0142\u00f3kna, o 25 cm"},"content":{"rendered":"<p>Talerze Fiber to praktyczne i estetyczne rozwi\u0105zanie do nowoczesnego serwisu potraw. Stabilna konstrukcja zapewnia wygodne podawanie zar\u00f3wno lekkich przek\u0105sek, jak i pe\u0142nych da\u0144. Dost\u0119pne w kilku rozmiarach, pozwalaj\u0105 dopasowa\u0107 format talerza do ka\u017cdej okazji i rodzaju posi\u0142ku.<\/p>\n","protected":false},"excerpt":{"rendered":"<p>Talerze Fiber to praktyczne i estetyczne rozwi\u0105zanie do nowoczesnego serwisu potraw. Stabilna konstrukcja zapewnia wygodne podawanie zar\u00f3wno lekkich przek\u0105sek, jak i pe\u0142nych da\u0144. Dost\u0119pne w kilku rozmiarach, pozwalaj\u0105 dopasowa\u0107 format talerza do ka\u017cdej okazji i rodzaju posi\u0142ku.<\/p>\n","protected":false},"featured_media":28776,"comment_status":"open","ping_status":"closed","template":"","meta":{"_acf_changed":false,"_relevanssi_hide_post":"","_relevanssi_hide_content":"","_relevanssi_pin_for_all":"","_relevanssi_pin_keywords":"","_relevanssi_unpin_keywords":"","_relevanssi_related_keywords":"","_relevanssi_related_include_ids":"","_relevanssi_related_exclude_ids":"","_relevanssi_related_no_append":"","_relevanssi_related_not_related":"","_relevanssi_related_posts":"","_relevanssi_noindex_reason":""},"product_brand":[],"product_cat":[2538],"product_tag":[],"class_list":{"0":"post-22097","1":"product","2":"type-product","3":"status-publish","4":"has-post-thumbnail","6":"product_cat-talerze-pl","7":"","8":"woocommerce-text-align-center","9":"woocommerce-image-align-center","10":"do-quantity-buttons","12":"first","13":"instock","14":"shipping-taxable","15":"purchasable","16":"product-type-simple"},"acf":[],"_links":{"self":[{"href":"https:\/\/eem.huhtamaki.com\/pl\/wp-json\/wp\/v2\/product\/22097","targetHints":{"allow":["GET"]}}],"collection":[{"href":"https:\/\/eem.huhtamaki.com\/pl\/wp-json\/wp\/v2\/product"}],"about":[{"href":"https:\/\/eem.huhtamaki.com\/pl\/wp-json\/wp\/v2\/types\/product"}],"replies":[{"embeddable":true,"href":"https:\/\/eem.huhtamaki.com\/pl\/wp-json\/wp\/v2\/comments?post=22097"}],"wp:featuredmedia":[{"embeddable":true,"href":"https:\/\/eem.huhtamaki.com\/pl\/wp-json\/wp\/v2\/media\/28776"}],"wp:attachment":[{"href":"https:\/\/eem.huhtamaki.com\/pl\/wp-json\/wp\/v2\/media?parent=22097"}],"wp:term":[{"taxonomy":"product_brand","embeddable":true,"href":"https:\/\/eem.huhtamaki.com\/pl\/wp-json\/wp\/v2\/product_brand?post=22097"},{"taxonomy":"product_cat","embeddable":true,"href":"https:\/\/eem.huhtamaki.com\/pl\/wp-json\/wp\/v2\/product_cat?post=22097"},{"taxonomy":"product_tag","embeddable":true,"href":"https:\/\/eem.huhtamaki.com\/pl\/wp-json\/wp\/v2\/product_tag?post=22097"}],"curies":[{"name":"wp","href":"https:\/\/api.w.org\/{rel}","templated":true}]}}