{"id":22109,"date":"2026-02-02T09:37:13","date_gmt":"2026-02-02T09:37:13","guid":{"rendered":"https:\/\/eem.wireframe.ie\/product\/future-smart-miska-z-wlokna-350-ml-pl\/"},"modified":"2026-02-23T13:41:49","modified_gmt":"2026-02-23T13:41:49","slug":"future-smart-miska-z-wlokna-350-ml-pl","status":"publish","type":"product","link":"https:\/\/eem.huhtamaki.com\/pl\/produkt\/future-smart-miska-z-wlokna-350-ml-pl\/","title":{"rendered":"Future Smart\u2122 miska z w\u0142\u00f3kna, 350 ml"},"content":{"rendered":"<p>Wykonane z w\u0142\u00f3kien ro\u015blinnych, miseczki \u0142\u0105cz\u0105 lekko\u015b\u0107 z solidn\u0105, praktyczn\u0105 konstrukcj\u0105. S\u0105 wygodne w codziennym u\u017cytkowaniu i dost\u0119pne w kilku rozmiarach, co pozwala \u0142atwo dopasowa\u0107 je do r\u00f3\u017cnych typ\u00f3w da\u0144 i serwowanych porcji.<\/p>\n","protected":false},"excerpt":{"rendered":"<p>Wykonane z w\u0142\u00f3kien ro\u015blinnych, miseczki \u0142\u0105cz\u0105 lekko\u015b\u0107 z solidn\u0105, praktyczn\u0105 konstrukcj\u0105. S\u0105 wygodne w codziennym u\u017cytkowaniu i dost\u0119pne w kilku rozmiarach, co pozwala \u0142atwo dopasowa\u0107 je do r\u00f3\u017cnych typ\u00f3w da\u0144 i serwowanych porcji.<\/p>\n","protected":false},"featured_media":28778,"comment_status":"open","ping_status":"closed","template":"","meta":{"_acf_changed":false,"_relevanssi_hide_post":"","_relevanssi_hide_content":"","_relevanssi_pin_for_all":"","_relevanssi_pin_keywords":"","_relevanssi_unpin_keywords":"","_relevanssi_related_keywords":"","_relevanssi_related_include_ids":"","_relevanssi_related_exclude_ids":"","_relevanssi_related_no_append":"","_relevanssi_related_not_related":"","_relevanssi_related_posts":"","_relevanssi_noindex_reason":""},"product_brand":[],"product_cat":[2544],"product_tag":[],"class_list":{"0":"post-22109","1":"product","2":"type-product","3":"status-publish","4":"has-post-thumbnail","6":"product_cat-miski-pl","7":"","8":"woocommerce-text-align-center","9":"woocommerce-image-align-center","10":"do-quantity-buttons","12":"first","13":"instock","14":"shipping-taxable","15":"purchasable","16":"product-type-simple"},"acf":[],"_links":{"self":[{"href":"https:\/\/eem.huhtamaki.com\/pl\/wp-json\/wp\/v2\/product\/22109","targetHints":{"allow":["GET"]}}],"collection":[{"href":"https:\/\/eem.huhtamaki.com\/pl\/wp-json\/wp\/v2\/product"}],"about":[{"href":"https:\/\/eem.huhtamaki.com\/pl\/wp-json\/wp\/v2\/types\/product"}],"replies":[{"embeddable":true,"href":"https:\/\/eem.huhtamaki.com\/pl\/wp-json\/wp\/v2\/comments?post=22109"}],"wp:featuredmedia":[{"embeddable":true,"href":"https:\/\/eem.huhtamaki.com\/pl\/wp-json\/wp\/v2\/media\/28778"}],"wp:attachment":[{"href":"https:\/\/eem.huhtamaki.com\/pl\/wp-json\/wp\/v2\/media?parent=22109"}],"wp:term":[{"taxonomy":"product_brand","embeddable":true,"href":"https:\/\/eem.huhtamaki.com\/pl\/wp-json\/wp\/v2\/product_brand?post=22109"},{"taxonomy":"product_cat","embeddable":true,"href":"https:\/\/eem.huhtamaki.com\/pl\/wp-json\/wp\/v2\/product_cat?post=22109"},{"taxonomy":"product_tag","embeddable":true,"href":"https:\/\/eem.huhtamaki.com\/pl\/wp-json\/wp\/v2\/product_tag?post=22109"}],"curies":[{"name":"wp","href":"https:\/\/api.w.org\/{rel}","templated":true}]}}