{"id":22112,"date":"2025-09-16T13:24:09","date_gmt":"2025-09-16T12:24:09","guid":{"rendered":"https:\/\/eem.wireframe.ie\/product\/future-smart-drewniany-widelec-160-mm-pakowany-pojedynczo-pl\/"},"modified":"2026-02-23T13:41:55","modified_gmt":"2026-02-23T13:41:55","slug":"future-smart-drewniany-widelec-160-mm-pakowany-pojedynczo-pl","status":"publish","type":"product","link":"https:\/\/eem.huhtamaki.com\/pl\/produkt\/future-smart-drewniany-widelec-160-mm-pakowany-pojedynczo-pl\/","title":{"rendered":"Future Smart\u2122 drewniany widelec, 160 mm (pakowany pojedynczo)"},"content":{"rendered":"<p>Sztu\u0107ce drewniane Future Smart\u2122 wykonane s\u0105 z naturalnego drewna brzozowego i stanowi\u0105 praktyczne rozwi\u0105zanie do codziennego serwisu da\u0144 na wynos. G\u0142adkie wyko\u0144czenie zapewnia wygodne u\u017cytkowanie, a gama standardowych element\u00f3w pozwala \u0142atwo dopasowa\u0107 je do r\u00f3\u017cnych zastosowa\u0144 w segmencie food\u2011to\u2011go.<\/p>\n","protected":false},"excerpt":{"rendered":"<p>Sztu\u0107ce drewniane Future Smart\u2122 wykonane s\u0105 z naturalnego drewna brzozowego i stanowi\u0105 praktyczne rozwi\u0105zanie do codziennego serwisu da\u0144 na wynos. G\u0142adkie wyko\u0144czenie zapewnia wygodne u\u017cytkowanie, a gama standardowych element\u00f3w pozwala \u0142atwo dopasowa\u0107 je do r\u00f3\u017cnych zastosowa\u0144 w segmencie food\u2011to\u2011go.<\/p>\n","protected":false},"featured_media":28781,"comment_status":"open","ping_status":"closed","template":"","meta":{"_acf_changed":false,"_relevanssi_hide_post":"","_relevanssi_hide_content":"","_relevanssi_pin_for_all":"","_relevanssi_pin_keywords":"","_relevanssi_unpin_keywords":"","_relevanssi_related_keywords":"","_relevanssi_related_include_ids":"","_relevanssi_related_exclude_ids":"","_relevanssi_related_no_append":"","_relevanssi_related_not_related":"","_relevanssi_related_posts":"","_relevanssi_noindex_reason":""},"product_brand":[],"product_cat":[2541],"product_tag":[],"class_list":{"0":"post-22112","1":"product","2":"type-product","3":"status-publish","4":"has-post-thumbnail","6":"product_cat-sztucce-pl","7":"","8":"woocommerce-text-align-center","9":"woocommerce-image-align-center","10":"do-quantity-buttons","12":"first","13":"instock","14":"shipping-taxable","15":"purchasable","16":"product-type-simple"},"acf":[],"_links":{"self":[{"href":"https:\/\/eem.huhtamaki.com\/pl\/wp-json\/wp\/v2\/product\/22112","targetHints":{"allow":["GET"]}}],"collection":[{"href":"https:\/\/eem.huhtamaki.com\/pl\/wp-json\/wp\/v2\/product"}],"about":[{"href":"https:\/\/eem.huhtamaki.com\/pl\/wp-json\/wp\/v2\/types\/product"}],"replies":[{"embeddable":true,"href":"https:\/\/eem.huhtamaki.com\/pl\/wp-json\/wp\/v2\/comments?post=22112"}],"wp:featuredmedia":[{"embeddable":true,"href":"https:\/\/eem.huhtamaki.com\/pl\/wp-json\/wp\/v2\/media\/28781"}],"wp:attachment":[{"href":"https:\/\/eem.huhtamaki.com\/pl\/wp-json\/wp\/v2\/media?parent=22112"}],"wp:term":[{"taxonomy":"product_brand","embeddable":true,"href":"https:\/\/eem.huhtamaki.com\/pl\/wp-json\/wp\/v2\/product_brand?post=22112"},{"taxonomy":"product_cat","embeddable":true,"href":"https:\/\/eem.huhtamaki.com\/pl\/wp-json\/wp\/v2\/product_cat?post=22112"},{"taxonomy":"product_tag","embeddable":true,"href":"https:\/\/eem.huhtamaki.com\/pl\/wp-json\/wp\/v2\/product_tag?post=22112"}],"curies":[{"name":"wp","href":"https:\/\/api.w.org\/{rel}","templated":true}]}}