{"id":22116,"date":"2025-09-16T13:24:17","date_gmt":"2025-09-16T12:24:17","guid":{"rendered":"https:\/\/eem.wireframe.ie\/product\/future-smart-drewniana-lyzka-powlekana-160-mm-pl\/"},"modified":"2026-02-23T13:42:05","modified_gmt":"2026-02-23T13:42:05","slug":"future-smart-drewniana-lyzka-powlekana-160-mm-pl","status":"publish","type":"product","link":"https:\/\/eem.huhtamaki.com\/pl\/produkt\/future-smart-drewniana-lyzka-powlekana-160-mm-pl\/","title":{"rendered":"Future Smart\u2122 drewniana \u0142y\u017cka powlekana, 160 mm"},"content":{"rendered":"<p>Sztu\u0107ce drewniane Future Smart\u2122 wykonane s\u0105 z naturalnego drewna brzozowego. Delikatna warstwa wosku nadaje im g\u0142adk\u0105 powierzchni\u0119 i zapewnia komfort u\u017cytkowania. Linia obejmuje wszystkie standardowe elementy potrzebne w codziennym serwisie food\u2011to\u2011go, stanowi\u0105c praktyczn\u0105 alternatyw\u0119 dla tradycyjnych sztu\u0107c\u00f3w jednorazowych.<\/p>\n","protected":false},"excerpt":{"rendered":"<p>Sztu\u0107ce drewniane Future Smart\u2122 wykonane s\u0105 z naturalnego drewna brzozowego. Delikatna warstwa wosku nadaje im g\u0142adk\u0105 powierzchni\u0119 i zapewnia komfort u\u017cytkowania. Linia obejmuje wszystkie standardowe elementy potrzebne w codziennym serwisie food\u2011to\u2011go, stanowi\u0105c praktyczn\u0105 alternatyw\u0119 dla tradycyjnych sztu\u0107c\u00f3w jednorazowych.<\/p>\n","protected":false},"featured_media":28785,"comment_status":"open","ping_status":"closed","template":"","meta":{"_acf_changed":false,"_relevanssi_hide_post":"","_relevanssi_hide_content":"","_relevanssi_pin_for_all":"","_relevanssi_pin_keywords":"","_relevanssi_unpin_keywords":"","_relevanssi_related_keywords":"","_relevanssi_related_include_ids":"","_relevanssi_related_exclude_ids":"","_relevanssi_related_no_append":"","_relevanssi_related_not_related":"","_relevanssi_related_posts":"","_relevanssi_noindex_reason":""},"product_brand":[],"product_cat":[2541],"product_tag":[],"class_list":{"0":"post-22116","1":"product","2":"type-product","3":"status-publish","4":"has-post-thumbnail","6":"product_cat-sztucce-pl","7":"","8":"woocommerce-text-align-center","9":"woocommerce-image-align-center","10":"do-quantity-buttons","12":"first","13":"instock","14":"shipping-taxable","15":"purchasable","16":"product-type-simple"},"acf":[],"_links":{"self":[{"href":"https:\/\/eem.huhtamaki.com\/pl\/wp-json\/wp\/v2\/product\/22116","targetHints":{"allow":["GET"]}}],"collection":[{"href":"https:\/\/eem.huhtamaki.com\/pl\/wp-json\/wp\/v2\/product"}],"about":[{"href":"https:\/\/eem.huhtamaki.com\/pl\/wp-json\/wp\/v2\/types\/product"}],"replies":[{"embeddable":true,"href":"https:\/\/eem.huhtamaki.com\/pl\/wp-json\/wp\/v2\/comments?post=22116"}],"wp:featuredmedia":[{"embeddable":true,"href":"https:\/\/eem.huhtamaki.com\/pl\/wp-json\/wp\/v2\/media\/28785"}],"wp:attachment":[{"href":"https:\/\/eem.huhtamaki.com\/pl\/wp-json\/wp\/v2\/media?parent=22116"}],"wp:term":[{"taxonomy":"product_brand","embeddable":true,"href":"https:\/\/eem.huhtamaki.com\/pl\/wp-json\/wp\/v2\/product_brand?post=22116"},{"taxonomy":"product_cat","embeddable":true,"href":"https:\/\/eem.huhtamaki.com\/pl\/wp-json\/wp\/v2\/product_cat?post=22116"},{"taxonomy":"product_tag","embeddable":true,"href":"https:\/\/eem.huhtamaki.com\/pl\/wp-json\/wp\/v2\/product_tag?post=22116"}],"curies":[{"name":"wp","href":"https:\/\/api.w.org\/{rel}","templated":true}]}}