{"id":22124,"date":"2025-09-16T13:24:38","date_gmt":"2025-09-16T12:24:38","guid":{"rendered":"https:\/\/eem.wireframe.ie\/product\/future-smart-pudelko-obiadowe-z-wlokna-2-komory-23-x-15-cm-pl\/"},"modified":"2026-02-23T13:42:22","modified_gmt":"2026-02-23T13:42:22","slug":"future-smart-pudelko-obiadowe-z-wlokna-2-komory-23-x-15-cm-pl","status":"publish","type":"product","link":"https:\/\/eem.huhtamaki.com\/pl\/produkt\/future-smart-pudelko-obiadowe-z-wlokna-2-komory-23-x-15-cm-pl\/","title":{"rendered":"Future Smart\u2122 pude\u0142ko obiadowe z w\u0142\u00f3kna \u2013 2-komory, 23 \u00d7 15 cm"},"content":{"rendered":"<p>Menuboxy Fiber to praktyczne pojemniki o stabilnej konstrukcji, stworzone z my\u015bl\u0105 o codziennym serwowaniu da\u0144 na wynos. Dost\u0119pne w r\u00f3\u017cnych rozmiarach oraz w wersjach z jedn\u0105 lub kilkoma komorami, umo\u017cliwiaj\u0105 wygodne pakowanie i transport szerokiej gamy potraw. To uniwersalne rozwi\u0105zanie do nowoczesnych format\u00f3w food\u2011to\u2011go.<\/p>\n","protected":false},"excerpt":{"rendered":"<p>Menuboxy Fiber to praktyczne pojemniki o stabilnej konstrukcji, stworzone z my\u015bl\u0105 o codziennym serwowaniu da\u0144 na wynos. Dost\u0119pne w r\u00f3\u017cnych rozmiarach oraz w wersjach z jedn\u0105 lub kilkoma komorami, umo\u017cliwiaj\u0105 wygodne pakowanie i transport szerokiej gamy potraw. To uniwersalne rozwi\u0105zanie do nowoczesnych format\u00f3w food\u2011to\u2011go.<\/p>\n","protected":false},"featured_media":28793,"comment_status":"open","ping_status":"closed","template":"","meta":{"_acf_changed":false,"_relevanssi_hide_post":"","_relevanssi_hide_content":"","_relevanssi_pin_for_all":"","_relevanssi_pin_keywords":"","_relevanssi_unpin_keywords":"","_relevanssi_related_keywords":"","_relevanssi_related_include_ids":"","_relevanssi_related_exclude_ids":"","_relevanssi_related_no_append":"","_relevanssi_related_not_related":"","_relevanssi_related_posts":"","_relevanssi_noindex_reason":""},"product_brand":[],"product_cat":[2536],"product_tag":[],"class_list":{"0":"post-22124","1":"product","2":"type-product","3":"status-publish","4":"has-post-thumbnail","6":"product_cat-pudelka-pl","7":"","8":"woocommerce-text-align-center","9":"woocommerce-image-align-center","10":"do-quantity-buttons","12":"first","13":"instock","14":"shipping-taxable","15":"purchasable","16":"product-type-simple"},"acf":[],"_links":{"self":[{"href":"https:\/\/eem.huhtamaki.com\/pl\/wp-json\/wp\/v2\/product\/22124","targetHints":{"allow":["GET"]}}],"collection":[{"href":"https:\/\/eem.huhtamaki.com\/pl\/wp-json\/wp\/v2\/product"}],"about":[{"href":"https:\/\/eem.huhtamaki.com\/pl\/wp-json\/wp\/v2\/types\/product"}],"replies":[{"embeddable":true,"href":"https:\/\/eem.huhtamaki.com\/pl\/wp-json\/wp\/v2\/comments?post=22124"}],"wp:featuredmedia":[{"embeddable":true,"href":"https:\/\/eem.huhtamaki.com\/pl\/wp-json\/wp\/v2\/media\/28793"}],"wp:attachment":[{"href":"https:\/\/eem.huhtamaki.com\/pl\/wp-json\/wp\/v2\/media?parent=22124"}],"wp:term":[{"taxonomy":"product_brand","embeddable":true,"href":"https:\/\/eem.huhtamaki.com\/pl\/wp-json\/wp\/v2\/product_brand?post=22124"},{"taxonomy":"product_cat","embeddable":true,"href":"https:\/\/eem.huhtamaki.com\/pl\/wp-json\/wp\/v2\/product_cat?post=22124"},{"taxonomy":"product_tag","embeddable":true,"href":"https:\/\/eem.huhtamaki.com\/pl\/wp-json\/wp\/v2\/product_tag?post=22124"}],"curies":[{"name":"wp","href":"https:\/\/api.w.org\/{rel}","templated":true}]}}