{"id":22126,"date":"2026-02-02T10:24:03","date_gmt":"2026-02-02T10:24:03","guid":{"rendered":"https:\/\/eem.wireframe.ie\/product\/future-smart-miska-salatkowa-750-ml-pl\/"},"modified":"2026-02-23T13:42:26","modified_gmt":"2026-02-23T13:42:26","slug":"future-smart-miska-salatkowa-750-ml-pl","status":"publish","type":"product","link":"https:\/\/eem.huhtamaki.com\/pl\/produkt\/future-smart-miska-salatkowa-750-ml-pl\/","title":{"rendered":"Future Smart\u2122 miska sa\u0142atkowa, 750 ml"},"content":{"rendered":"<p>Miseczki sa\u0142atkowe stworzone z my\u015bl\u0105 o serwowaniu r\u00f3\u017cnorodnych sa\u0142atek oraz gotowych posi\u0142k\u00f3w. Solidna konstrukcja zapewnia wygodne i bezpieczne u\u017cytkowanie w codziennych zastosowaniach food\u2011to\u2011go. Wykonane z materia\u0142\u00f3w pochodzenia ro\u015blinnego. Dost\u0119pne w wielu rozmiarach, aby dopasowa\u0107 si\u0119 do r\u00f3\u017cnych porcji i potrzeb serwowania.<\/p>\n","protected":false},"excerpt":{"rendered":"<p>Miseczki sa\u0142atkowe stworzone z my\u015bl\u0105 o serwowaniu r\u00f3\u017cnorodnych sa\u0142atek oraz gotowych posi\u0142k\u00f3w. Solidna konstrukcja zapewnia wygodne i bezpieczne u\u017cytkowanie w codziennych zastosowaniach food\u2011to\u2011go. Wykonane z materia\u0142\u00f3w pochodzenia ro\u015blinnego. Dost\u0119pne w wielu rozmiarach, aby dopasowa\u0107 si\u0119 do r\u00f3\u017cnych porcji i potrzeb serwowania.<\/p>\n","protected":false},"featured_media":28795,"comment_status":"open","ping_status":"closed","template":"","meta":{"_acf_changed":false,"_relevanssi_hide_post":"","_relevanssi_hide_content":"","_relevanssi_pin_for_all":"","_relevanssi_pin_keywords":"","_relevanssi_unpin_keywords":"","_relevanssi_related_keywords":"","_relevanssi_related_include_ids":"","_relevanssi_related_exclude_ids":"","_relevanssi_related_no_append":"","_relevanssi_related_not_related":"","_relevanssi_related_posts":"","_relevanssi_noindex_reason":""},"product_brand":[],"product_cat":[2544],"product_tag":[],"class_list":{"0":"post-22126","1":"product","2":"type-product","3":"status-publish","4":"has-post-thumbnail","6":"product_cat-miski-pl","7":"","8":"woocommerce-text-align-center","9":"woocommerce-image-align-center","10":"do-quantity-buttons","12":"first","13":"instock","14":"shipping-taxable","15":"purchasable","16":"product-type-simple"},"acf":[],"_links":{"self":[{"href":"https:\/\/eem.huhtamaki.com\/pl\/wp-json\/wp\/v2\/product\/22126","targetHints":{"allow":["GET"]}}],"collection":[{"href":"https:\/\/eem.huhtamaki.com\/pl\/wp-json\/wp\/v2\/product"}],"about":[{"href":"https:\/\/eem.huhtamaki.com\/pl\/wp-json\/wp\/v2\/types\/product"}],"replies":[{"embeddable":true,"href":"https:\/\/eem.huhtamaki.com\/pl\/wp-json\/wp\/v2\/comments?post=22126"}],"wp:featuredmedia":[{"embeddable":true,"href":"https:\/\/eem.huhtamaki.com\/pl\/wp-json\/wp\/v2\/media\/28795"}],"wp:attachment":[{"href":"https:\/\/eem.huhtamaki.com\/pl\/wp-json\/wp\/v2\/media?parent=22126"}],"wp:term":[{"taxonomy":"product_brand","embeddable":true,"href":"https:\/\/eem.huhtamaki.com\/pl\/wp-json\/wp\/v2\/product_brand?post=22126"},{"taxonomy":"product_cat","embeddable":true,"href":"https:\/\/eem.huhtamaki.com\/pl\/wp-json\/wp\/v2\/product_cat?post=22126"},{"taxonomy":"product_tag","embeddable":true,"href":"https:\/\/eem.huhtamaki.com\/pl\/wp-json\/wp\/v2\/product_tag?post=22126"}],"curies":[{"name":"wp","href":"https:\/\/api.w.org\/{rel}","templated":true}]}}