{"id":22133,"date":"2025-09-16T13:25:23","date_gmt":"2025-09-16T12:25:23","guid":{"rendered":"https:\/\/eem.wireframe.ie\/product\/future-smart-kubek-do-lodow-100-ml-pl\/"},"modified":"2026-02-23T13:42:39","modified_gmt":"2026-02-23T13:42:39","slug":"future-smart-kubek-do-lodow-100-ml-pl","status":"publish","type":"product","link":"https:\/\/eem.huhtamaki.com\/pl\/produkt\/future-smart-kubek-do-lodow-100-ml-pl\/","title":{"rendered":"Future Smart\u2122 kubek do lod\u00f3w, 100 ml"},"content":{"rendered":"<p>Pojemniki stworzone z my\u015bl\u0105 o profesjonalnym serwowaniu lod\u00f3w i mro\u017conych deser\u00f3w. Dzi\u0119ki starannemu wykonaniu zapewniaj\u0105 atrakcyjn\u0105 prezentacj\u0119 oraz wygod\u0119 u\u017cytkowania w lodziarniach, kawiarniach i lokalach typu coffee bar. To praktyczne rozwi\u0105zanie, kt\u00f3re sprawdza si\u0119 zar\u00f3wno przy klasycznych porcjach, jak i bardziej wyszukanych kompozycjach.<\/p>\n","protected":false},"excerpt":{"rendered":"<p>Pojemniki stworzone z my\u015bl\u0105 o profesjonalnym serwowaniu lod\u00f3w i mro\u017conych deser\u00f3w. Dzi\u0119ki starannemu wykonaniu zapewniaj\u0105 atrakcyjn\u0105 prezentacj\u0119 oraz wygod\u0119 u\u017cytkowania w lodziarniach, kawiarniach i lokalach typu coffee bar. To praktyczne rozwi\u0105zanie, kt\u00f3re sprawdza si\u0119 zar\u00f3wno przy klasycznych porcjach, jak i bardziej wyszukanych kompozycjach.<\/p>\n","protected":false},"featured_media":28802,"comment_status":"open","ping_status":"closed","template":"","meta":{"_acf_changed":false,"_relevanssi_hide_post":"","_relevanssi_hide_content":"","_relevanssi_pin_for_all":"","_relevanssi_pin_keywords":"","_relevanssi_unpin_keywords":"","_relevanssi_related_keywords":"","_relevanssi_related_include_ids":"","_relevanssi_related_exclude_ids":"","_relevanssi_related_no_append":"","_relevanssi_related_not_related":"","_relevanssi_related_posts":"","_relevanssi_noindex_reason":""},"product_brand":[],"product_cat":[2540],"product_tag":[],"class_list":{"0":"post-22133","1":"product","2":"type-product","3":"status-publish","4":"has-post-thumbnail","6":"product_cat-pojemniki-na-lody-pl","7":"","8":"woocommerce-text-align-center","9":"woocommerce-image-align-center","10":"do-quantity-buttons","12":"first","13":"instock","14":"shipping-taxable","15":"purchasable","16":"product-type-simple"},"acf":[],"_links":{"self":[{"href":"https:\/\/eem.huhtamaki.com\/pl\/wp-json\/wp\/v2\/product\/22133","targetHints":{"allow":["GET"]}}],"collection":[{"href":"https:\/\/eem.huhtamaki.com\/pl\/wp-json\/wp\/v2\/product"}],"about":[{"href":"https:\/\/eem.huhtamaki.com\/pl\/wp-json\/wp\/v2\/types\/product"}],"replies":[{"embeddable":true,"href":"https:\/\/eem.huhtamaki.com\/pl\/wp-json\/wp\/v2\/comments?post=22133"}],"wp:featuredmedia":[{"embeddable":true,"href":"https:\/\/eem.huhtamaki.com\/pl\/wp-json\/wp\/v2\/media\/28802"}],"wp:attachment":[{"href":"https:\/\/eem.huhtamaki.com\/pl\/wp-json\/wp\/v2\/media?parent=22133"}],"wp:term":[{"taxonomy":"product_brand","embeddable":true,"href":"https:\/\/eem.huhtamaki.com\/pl\/wp-json\/wp\/v2\/product_brand?post=22133"},{"taxonomy":"product_cat","embeddable":true,"href":"https:\/\/eem.huhtamaki.com\/pl\/wp-json\/wp\/v2\/product_cat?post=22133"},{"taxonomy":"product_tag","embeddable":true,"href":"https:\/\/eem.huhtamaki.com\/pl\/wp-json\/wp\/v2\/product_tag?post=22133"}],"curies":[{"name":"wp","href":"https:\/\/api.w.org\/{rel}","templated":true}]}}