{"id":22141,"date":"2025-09-16T13:26:06","date_gmt":"2025-09-16T12:26:06","guid":{"rendered":"https:\/\/eem.wireframe.ie\/product\/future-smart-pokrywka-do-diamond-fiber-bowl-1250-1500-ml-pl\/"},"modified":"2026-02-23T13:42:56","modified_gmt":"2026-02-23T13:42:56","slug":"future-smart-pokrywka-do-diamond-fiber-bowl-1250-1500-ml-pl","status":"publish","type":"product","link":"https:\/\/eem.huhtamaki.com\/pl\/produkt\/future-smart-pokrywka-do-diamond-fiber-bowl-1250-1500-ml-pl\/","title":{"rendered":"Future Smart\u2122 pokrywka do Diamond Fiber Bowl, 1250\u20131500 ml"},"content":{"rendered":"<p>Lekka i wytrzyma\u0142a pokrywka wykonana z w\u0142\u00f3kien ro\u015blinnych, zaprojektowana do misek Fiber o pojemno\u015bci 1250 ml. Stabilna, funkcjonalna i wygodna w u\u017cytkowaniu, doskonale sprawdza si\u0119 w codziennym serwisie da\u0144 na wynos.<\/p>\n","protected":false},"excerpt":{"rendered":"<p>Lekka i wytrzyma\u0142a pokrywka wykonana z w\u0142\u00f3kien ro\u015blinnych, zaprojektowana do misek Fiber o pojemno\u015bci 1250 ml. Stabilna, funkcjonalna i wygodna w u\u017cytkowaniu, doskonale sprawdza si\u0119 w codziennym serwisie da\u0144 na wynos.<\/p>\n","protected":false},"featured_media":28810,"comment_status":"open","ping_status":"closed","template":"","meta":{"_acf_changed":false,"_relevanssi_hide_post":"","_relevanssi_hide_content":"","_relevanssi_pin_for_all":"","_relevanssi_pin_keywords":"","_relevanssi_unpin_keywords":"","_relevanssi_related_keywords":"","_relevanssi_related_include_ids":"","_relevanssi_related_exclude_ids":"","_relevanssi_related_no_append":"","_relevanssi_related_not_related":"","_relevanssi_related_posts":"","_relevanssi_noindex_reason":""},"product_brand":[],"product_cat":[2533],"product_tag":[],"class_list":{"0":"post-22141","1":"product","2":"type-product","3":"status-publish","4":"has-post-thumbnail","6":"product_cat-wieczka-pl","7":"","8":"woocommerce-text-align-center","9":"woocommerce-image-align-center","10":"do-quantity-buttons","12":"first","13":"instock","14":"shipping-taxable","15":"purchasable","16":"product-type-simple"},"acf":[],"_links":{"self":[{"href":"https:\/\/eem.huhtamaki.com\/pl\/wp-json\/wp\/v2\/product\/22141","targetHints":{"allow":["GET"]}}],"collection":[{"href":"https:\/\/eem.huhtamaki.com\/pl\/wp-json\/wp\/v2\/product"}],"about":[{"href":"https:\/\/eem.huhtamaki.com\/pl\/wp-json\/wp\/v2\/types\/product"}],"replies":[{"embeddable":true,"href":"https:\/\/eem.huhtamaki.com\/pl\/wp-json\/wp\/v2\/comments?post=22141"}],"wp:featuredmedia":[{"embeddable":true,"href":"https:\/\/eem.huhtamaki.com\/pl\/wp-json\/wp\/v2\/media\/28810"}],"wp:attachment":[{"href":"https:\/\/eem.huhtamaki.com\/pl\/wp-json\/wp\/v2\/media?parent=22141"}],"wp:term":[{"taxonomy":"product_brand","embeddable":true,"href":"https:\/\/eem.huhtamaki.com\/pl\/wp-json\/wp\/v2\/product_brand?post=22141"},{"taxonomy":"product_cat","embeddable":true,"href":"https:\/\/eem.huhtamaki.com\/pl\/wp-json\/wp\/v2\/product_cat?post=22141"},{"taxonomy":"product_tag","embeddable":true,"href":"https:\/\/eem.huhtamaki.com\/pl\/wp-json\/wp\/v2\/product_tag?post=22141"}],"curies":[{"name":"wp","href":"https:\/\/api.w.org\/{rel}","templated":true}]}}