{"id":22142,"date":"2025-09-16T13:26:10","date_gmt":"2025-09-16T12:26:10","guid":{"rendered":"https:\/\/eem.wireframe.ie\/product\/pet-kubek-smoothie-300-ml-przezroczysty-pl\/"},"modified":"2026-02-23T13:42:58","modified_gmt":"2026-02-23T13:42:58","slug":"pet-kubek-smoothie-300-ml-przezroczysty-pl","status":"publish","type":"product","link":"https:\/\/eem.huhtamaki.com\/pl\/produkt\/pet-kubek-smoothie-300-ml-przezroczysty-pl\/","title":{"rendered":"PET \u2013 kubek smoothie, 300 ml (przezroczysty)"},"content":{"rendered":"<p>Przezroczysty kubek PET o pojemno\u015bci 300 ml idealnie eksponuje smoothies, shake\u2019i i soki owocowe. Wyr\u00f3\u017cnia si\u0119 wysok\u0105 przejrzysto\u015bci\u0105 i odporno\u015bci\u0105 na p\u0119kni\u0119cia, dzi\u0119ki czemu \u015bwietnie sprawdza si\u0119 w codziennym serwisie napoj\u00f3w typu to\u2011go. Solidne wykonanie zapewnia wygodne u\u017cytkowanie zar\u00f3wno dla lokali gastronomicznych, jak i kawiarni.<\/p>\n","protected":false},"excerpt":{"rendered":"<p>Przezroczysty kubek PET o pojemno\u015bci 300 ml idealnie eksponuje smoothies, shake\u2019i i soki owocowe. Wyr\u00f3\u017cnia si\u0119 wysok\u0105 przejrzysto\u015bci\u0105 i odporno\u015bci\u0105 na p\u0119kni\u0119cia, dzi\u0119ki czemu \u015bwietnie sprawdza si\u0119 w codziennym serwisie napoj\u00f3w typu to\u2011go. Solidne wykonanie zapewnia wygodne u\u017cytkowanie zar\u00f3wno dla lokali gastronomicznych, jak i kawiarni.<\/p>\n","protected":false},"featured_media":28811,"comment_status":"open","ping_status":"closed","template":"","meta":{"_acf_changed":false,"_relevanssi_hide_post":"","_relevanssi_hide_content":"","_relevanssi_pin_for_all":"","_relevanssi_pin_keywords":"","_relevanssi_unpin_keywords":"","_relevanssi_related_keywords":"","_relevanssi_related_include_ids":"","_relevanssi_related_exclude_ids":"","_relevanssi_related_no_append":"","_relevanssi_related_not_related":"","_relevanssi_related_posts":"","_relevanssi_noindex_reason":""},"product_brand":[],"product_cat":[2528],"product_tag":[],"class_list":{"0":"post-22142","1":"product","2":"type-product","3":"status-publish","4":"has-post-thumbnail","6":"product_cat-plastikowe-kubki-na-zimne-napoje-pl","7":"","8":"woocommerce-text-align-center","9":"woocommerce-image-align-center","10":"do-quantity-buttons","12":"first","13":"instock","14":"shipping-taxable","15":"purchasable","16":"product-type-simple"},"acf":[],"_links":{"self":[{"href":"https:\/\/eem.huhtamaki.com\/pl\/wp-json\/wp\/v2\/product\/22142","targetHints":{"allow":["GET"]}}],"collection":[{"href":"https:\/\/eem.huhtamaki.com\/pl\/wp-json\/wp\/v2\/product"}],"about":[{"href":"https:\/\/eem.huhtamaki.com\/pl\/wp-json\/wp\/v2\/types\/product"}],"replies":[{"embeddable":true,"href":"https:\/\/eem.huhtamaki.com\/pl\/wp-json\/wp\/v2\/comments?post=22142"}],"wp:featuredmedia":[{"embeddable":true,"href":"https:\/\/eem.huhtamaki.com\/pl\/wp-json\/wp\/v2\/media\/28811"}],"wp:attachment":[{"href":"https:\/\/eem.huhtamaki.com\/pl\/wp-json\/wp\/v2\/media?parent=22142"}],"wp:term":[{"taxonomy":"product_brand","embeddable":true,"href":"https:\/\/eem.huhtamaki.com\/pl\/wp-json\/wp\/v2\/product_brand?post=22142"},{"taxonomy":"product_cat","embeddable":true,"href":"https:\/\/eem.huhtamaki.com\/pl\/wp-json\/wp\/v2\/product_cat?post=22142"},{"taxonomy":"product_tag","embeddable":true,"href":"https:\/\/eem.huhtamaki.com\/pl\/wp-json\/wp\/v2\/product_tag?post=22142"}],"curies":[{"name":"wp","href":"https:\/\/api.w.org\/{rel}","templated":true}]}}