{"id":22177,"date":"2025-09-16T13:26:28","date_gmt":"2025-09-16T12:26:28","guid":{"rendered":"https:\/\/eem.wireframe.ie\/product\/burger-box-menubox-large-pl\/"},"modified":"2026-02-23T13:53:04","modified_gmt":"2026-02-23T13:53:04","slug":"burger-box-menubox-large-pl","status":"publish","type":"product","link":"https:\/\/eem.huhtamaki.com\/pl\/produkt\/burger-box-menubox-large-pl\/","title":{"rendered":"Burger box, Menubox, large"},"content":{"rendered":"<p>Wykonane z wytrzyma\u0142ej tektury, pude\u0142ka typu take-away zosta\u0142y stworzone z my\u015bl\u0105 o wygodnym serwowaniu da\u0144 na wynos \u2014 w tym burger\u00f3w. Uniwersalne i funkcjonalne, doskonale sprawdzaj\u0105 si\u0119 przy szerokiej gamie potraw, takich jak makarony, dania azjatyckie, pieczone ziemniaki, sa\u0142atki, dania gotowe czy klasyczne burgery. Stabilna konstrukcja zapewnia bezpiecze\u0144stwo potraw, a estetyczne wyko\u0144czenie podkre\u015bla profesjonalny charakter oferty gastronomicznej.<\/p>\n","protected":false},"excerpt":{"rendered":"<p>Wykonane z wytrzyma\u0142ej tektury, pude\u0142ka typu take-away zosta\u0142y stworzone z my\u015bl\u0105 o wygodnym serwowaniu da\u0144 na wynos \u2014 w tym burger\u00f3w. Uniwersalne i funkcjonalne, doskonale sprawdzaj\u0105 si\u0119 przy szerokiej gamie potraw, takich jak makarony, dania azjatyckie, pieczone ziemniaki, sa\u0142atki, dania gotowe czy klasyczne burgery. Stabilna konstrukcja zapewnia bezpiecze\u0144stwo potraw, a estetyczne wyko\u0144czenie podkre\u015bla profesjonalny charakter &#8230; <a title=\"Burger box, Menubox, large\" class=\"read-more\" href=\"https:\/\/eem.huhtamaki.com\/pl\/produkt\/burger-box-menubox-large-pl\/\" aria-label=\"Dowiedz si\u0119 wi\u0119cej o Burger box, Menubox, large\">Czytaj dalej<\/a><\/p>\n","protected":false},"featured_media":28814,"comment_status":"open","ping_status":"closed","template":"","meta":{"_acf_changed":false,"_relevanssi_hide_post":"","_relevanssi_hide_content":"","_relevanssi_pin_for_all":"","_relevanssi_pin_keywords":"","_relevanssi_unpin_keywords":"","_relevanssi_related_keywords":"","_relevanssi_related_include_ids":"","_relevanssi_related_exclude_ids":"","_relevanssi_related_no_append":"","_relevanssi_related_not_related":"","_relevanssi_related_posts":"","_relevanssi_noindex_reason":""},"product_brand":[],"product_cat":[82,2536],"product_tag":[],"class_list":{"0":"post-22177","1":"product","2":"type-product","3":"status-publish","4":"has-post-thumbnail","6":"product_cat-boxes","7":"product_cat-pudelka-pl","8":"","9":"woocommerce-text-align-center","10":"woocommerce-image-align-center","11":"do-quantity-buttons","13":"first","14":"instock","15":"shipping-taxable","16":"purchasable","17":"product-type-simple"},"acf":[],"_links":{"self":[{"href":"https:\/\/eem.huhtamaki.com\/pl\/wp-json\/wp\/v2\/product\/22177","targetHints":{"allow":["GET"]}}],"collection":[{"href":"https:\/\/eem.huhtamaki.com\/pl\/wp-json\/wp\/v2\/product"}],"about":[{"href":"https:\/\/eem.huhtamaki.com\/pl\/wp-json\/wp\/v2\/types\/product"}],"replies":[{"embeddable":true,"href":"https:\/\/eem.huhtamaki.com\/pl\/wp-json\/wp\/v2\/comments?post=22177"}],"wp:featuredmedia":[{"embeddable":true,"href":"https:\/\/eem.huhtamaki.com\/pl\/wp-json\/wp\/v2\/media\/28814"}],"wp:attachment":[{"href":"https:\/\/eem.huhtamaki.com\/pl\/wp-json\/wp\/v2\/media?parent=22177"}],"wp:term":[{"taxonomy":"product_brand","embeddable":true,"href":"https:\/\/eem.huhtamaki.com\/pl\/wp-json\/wp\/v2\/product_brand?post=22177"},{"taxonomy":"product_cat","embeddable":true,"href":"https:\/\/eem.huhtamaki.com\/pl\/wp-json\/wp\/v2\/product_cat?post=22177"},{"taxonomy":"product_tag","embeddable":true,"href":"https:\/\/eem.huhtamaki.com\/pl\/wp-json\/wp\/v2\/product_tag?post=22177"}],"curies":[{"name":"wp","href":"https:\/\/api.w.org\/{rel}","templated":true}]}}