{"id":22197,"date":"2025-09-16T13:26:36","date_gmt":"2025-09-16T12:26:36","guid":{"rendered":"https:\/\/eem.wireframe.ie\/product\/tacka-food-to-go-small-pl\/"},"modified":"2026-02-23T13:53:07","modified_gmt":"2026-02-23T13:53:07","slug":"tacka-food-to-go-small-pl","status":"publish","type":"product","link":"https:\/\/eem.huhtamaki.com\/pl\/produkt\/tacka-food-to-go-small-pl\/","title":{"rendered":"Tacka Food To Go, small"},"content":{"rendered":"<p>Tacka zaprojektowana do wygodnego serwowania posi\u0142k\u00f3w w formacie takeaway. Stabilna konstrukcja pomaga utrzyma\u0107 danie w bezpiecznej pozycji podczas transportu, a przemy\u015blany kszta\u0142t sprawdza si\u0119 przy wielu rodzajach potraw. To praktyczne rozwi\u0105zanie dla lokali oferuj\u0105cych codzienny serwis na wynos.<\/p>\n","protected":false},"excerpt":{"rendered":"<p>Tacka zaprojektowana do wygodnego serwowania posi\u0142k\u00f3w w formacie takeaway. Stabilna konstrukcja pomaga utrzyma\u0107 danie w bezpiecznej pozycji podczas transportu, a przemy\u015blany kszta\u0142t sprawdza si\u0119 przy wielu rodzajach potraw. To praktyczne rozwi\u0105zanie dla lokali oferuj\u0105cych codzienny serwis na wynos.<\/p>\n","protected":false},"featured_media":28816,"comment_status":"open","ping_status":"closed","template":"","meta":{"_acf_changed":false,"_relevanssi_hide_post":"","_relevanssi_hide_content":"","_relevanssi_pin_for_all":"","_relevanssi_pin_keywords":"","_relevanssi_unpin_keywords":"","_relevanssi_related_keywords":"","_relevanssi_related_include_ids":"","_relevanssi_related_exclude_ids":"","_relevanssi_related_no_append":"","_relevanssi_related_not_related":"","_relevanssi_related_posts":"","_relevanssi_noindex_reason":""},"product_brand":[],"product_cat":[2539],"product_tag":[],"class_list":{"0":"post-22197","1":"product","2":"type-product","3":"status-publish","4":"has-post-thumbnail","6":"product_cat-tacki-pl","7":"","8":"woocommerce-text-align-center","9":"woocommerce-image-align-center","10":"do-quantity-buttons","12":"first","13":"instock","14":"shipping-taxable","15":"purchasable","16":"product-type-simple"},"acf":[],"_links":{"self":[{"href":"https:\/\/eem.huhtamaki.com\/pl\/wp-json\/wp\/v2\/product\/22197","targetHints":{"allow":["GET"]}}],"collection":[{"href":"https:\/\/eem.huhtamaki.com\/pl\/wp-json\/wp\/v2\/product"}],"about":[{"href":"https:\/\/eem.huhtamaki.com\/pl\/wp-json\/wp\/v2\/types\/product"}],"replies":[{"embeddable":true,"href":"https:\/\/eem.huhtamaki.com\/pl\/wp-json\/wp\/v2\/comments?post=22197"}],"wp:featuredmedia":[{"embeddable":true,"href":"https:\/\/eem.huhtamaki.com\/pl\/wp-json\/wp\/v2\/media\/28816"}],"wp:attachment":[{"href":"https:\/\/eem.huhtamaki.com\/pl\/wp-json\/wp\/v2\/media?parent=22197"}],"wp:term":[{"taxonomy":"product_brand","embeddable":true,"href":"https:\/\/eem.huhtamaki.com\/pl\/wp-json\/wp\/v2\/product_brand?post=22197"},{"taxonomy":"product_cat","embeddable":true,"href":"https:\/\/eem.huhtamaki.com\/pl\/wp-json\/wp\/v2\/product_cat?post=22197"},{"taxonomy":"product_tag","embeddable":true,"href":"https:\/\/eem.huhtamaki.com\/pl\/wp-json\/wp\/v2\/product_tag?post=22197"}],"curies":[{"name":"wp","href":"https:\/\/api.w.org\/{rel}","templated":true}]}}