{"id":22201,"date":"2025-09-16T13:26:48","date_gmt":"2025-09-16T12:26:48","guid":{"rendered":"https:\/\/eem.wireframe.ie\/product\/hamburger-box-brazowy-large-pl\/"},"modified":"2026-02-23T13:53:14","modified_gmt":"2026-02-23T13:53:14","slug":"hamburger-box-brazowy-large-pl","status":"publish","type":"product","link":"https:\/\/eem.huhtamaki.com\/pl\/produkt\/hamburger-box-brazowy-large-pl\/","title":{"rendered":"Hamburger Box \u2013 br\u0105zowy, large"},"content":{"rendered":"<p>Lekkie i wytrzyma\u0142e pude\u0142ko kartonowe stworzone z my\u015bl\u0105 o wygodnym serwowaniu da\u0144 na wynos. Jego prosta, estetyczna forma podkre\u015bla wygl\u0105d posi\u0142ku, a jednorazowy charakter u\u0142atwia szybkie i sprawne pakowanie.<\/p>\n","protected":false},"excerpt":{"rendered":"<p>Lekkie i wytrzyma\u0142e pude\u0142ko kartonowe stworzone z my\u015bl\u0105 o wygodnym serwowaniu da\u0144 na wynos. Jego prosta, estetyczna forma podkre\u015bla wygl\u0105d posi\u0142ku, a jednorazowy charakter u\u0142atwia szybkie i sprawne pakowanie.<\/p>\n","protected":false},"featured_media":28820,"comment_status":"open","ping_status":"closed","template":"","meta":{"_acf_changed":false,"_relevanssi_hide_post":"","_relevanssi_hide_content":"","_relevanssi_pin_for_all":"","_relevanssi_pin_keywords":"","_relevanssi_unpin_keywords":"","_relevanssi_related_keywords":"","_relevanssi_related_include_ids":"","_relevanssi_related_exclude_ids":"","_relevanssi_related_no_append":"","_relevanssi_related_not_related":"","_relevanssi_related_posts":"","_relevanssi_noindex_reason":""},"product_brand":[],"product_cat":[2536],"product_tag":[],"class_list":{"0":"post-22201","1":"product","2":"type-product","3":"status-publish","4":"has-post-thumbnail","6":"product_cat-pudelka-pl","7":"","8":"woocommerce-text-align-center","9":"woocommerce-image-align-center","10":"do-quantity-buttons","12":"first","13":"instock","14":"shipping-taxable","15":"purchasable","16":"product-type-simple"},"acf":[],"_links":{"self":[{"href":"https:\/\/eem.huhtamaki.com\/pl\/wp-json\/wp\/v2\/product\/22201","targetHints":{"allow":["GET"]}}],"collection":[{"href":"https:\/\/eem.huhtamaki.com\/pl\/wp-json\/wp\/v2\/product"}],"about":[{"href":"https:\/\/eem.huhtamaki.com\/pl\/wp-json\/wp\/v2\/types\/product"}],"replies":[{"embeddable":true,"href":"https:\/\/eem.huhtamaki.com\/pl\/wp-json\/wp\/v2\/comments?post=22201"}],"wp:featuredmedia":[{"embeddable":true,"href":"https:\/\/eem.huhtamaki.com\/pl\/wp-json\/wp\/v2\/media\/28820"}],"wp:attachment":[{"href":"https:\/\/eem.huhtamaki.com\/pl\/wp-json\/wp\/v2\/media?parent=22201"}],"wp:term":[{"taxonomy":"product_brand","embeddable":true,"href":"https:\/\/eem.huhtamaki.com\/pl\/wp-json\/wp\/v2\/product_brand?post=22201"},{"taxonomy":"product_cat","embeddable":true,"href":"https:\/\/eem.huhtamaki.com\/pl\/wp-json\/wp\/v2\/product_cat?post=22201"},{"taxonomy":"product_tag","embeddable":true,"href":"https:\/\/eem.huhtamaki.com\/pl\/wp-json\/wp\/v2\/product_tag?post=22201"}],"curies":[{"name":"wp","href":"https:\/\/api.w.org\/{rel}","templated":true}]}}