{"id":22207,"date":"2025-09-16T13:27:08","date_gmt":"2025-09-16T12:27:08","guid":{"rendered":"https:\/\/eem.wireframe.ie\/product\/future-smart-talerz-z-wlokna-o-17-cm-pl-2\/"},"modified":"2026-02-25T19:24:12","modified_gmt":"2026-02-25T19:24:12","slug":"future-smart-talerz-z-wlokna-o-17-cm-pl-2","status":"publish","type":"product","link":"https:\/\/eem.huhtamaki.com\/pl\/produkt\/future-smart-talerz-z-wlokna-o-17-cm-pl-2\/","title":{"rendered":"Future Smart\u2122 talerz z w\u0142\u00f3kna, o 17 cm"},"content":{"rendered":"<p>Talerze Fiber to nowoczesne rozwi\u0105zanie do serwowania potraw. Solidna konstrukcja zapewnia wygodne podawanie zar\u00f3wno lekkich przek\u0105sek, jak i pe\u0142nych da\u0144. Dost\u0119pne w kilku rozmiarach, umo\u017cliwiaj\u0105 dopasowanie formatu do ka\u017cdej okazji i rodzaju posi\u0142ku.<\/p>\n","protected":false},"excerpt":{"rendered":"<p>Talerze Fiber to nowoczesne rozwi\u0105zanie do serwowania potraw. Solidna konstrukcja zapewnia wygodne podawanie zar\u00f3wno lekkich przek\u0105sek, jak i pe\u0142nych da\u0144. Dost\u0119pne w kilku rozmiarach, umo\u017cliwiaj\u0105 dopasowanie formatu do ka\u017cdej okazji i rodzaju posi\u0142ku.<\/p>\n","protected":false},"featured_media":28935,"comment_status":"open","ping_status":"closed","template":"","meta":{"_acf_changed":false,"_relevanssi_hide_post":"","_relevanssi_hide_content":"","_relevanssi_pin_for_all":"","_relevanssi_pin_keywords":"","_relevanssi_unpin_keywords":"","_relevanssi_related_keywords":"","_relevanssi_related_include_ids":"","_relevanssi_related_exclude_ids":"","_relevanssi_related_no_append":"","_relevanssi_related_not_related":"","_relevanssi_related_posts":"","_relevanssi_noindex_reason":""},"product_brand":[],"product_cat":[2538],"product_tag":[],"class_list":{"0":"post-22207","1":"product","2":"type-product","3":"status-publish","4":"has-post-thumbnail","6":"product_cat-talerze-pl","7":"","8":"woocommerce-text-align-center","9":"woocommerce-image-align-center","10":"do-quantity-buttons","12":"first","13":"instock","14":"shipping-taxable","15":"purchasable","16":"product-type-simple"},"acf":[],"_links":{"self":[{"href":"https:\/\/eem.huhtamaki.com\/pl\/wp-json\/wp\/v2\/product\/22207","targetHints":{"allow":["GET"]}}],"collection":[{"href":"https:\/\/eem.huhtamaki.com\/pl\/wp-json\/wp\/v2\/product"}],"about":[{"href":"https:\/\/eem.huhtamaki.com\/pl\/wp-json\/wp\/v2\/types\/product"}],"replies":[{"embeddable":true,"href":"https:\/\/eem.huhtamaki.com\/pl\/wp-json\/wp\/v2\/comments?post=22207"}],"wp:featuredmedia":[{"embeddable":true,"href":"https:\/\/eem.huhtamaki.com\/pl\/wp-json\/wp\/v2\/media\/28935"}],"wp:attachment":[{"href":"https:\/\/eem.huhtamaki.com\/pl\/wp-json\/wp\/v2\/media?parent=22207"}],"wp:term":[{"taxonomy":"product_brand","embeddable":true,"href":"https:\/\/eem.huhtamaki.com\/pl\/wp-json\/wp\/v2\/product_brand?post=22207"},{"taxonomy":"product_cat","embeddable":true,"href":"https:\/\/eem.huhtamaki.com\/pl\/wp-json\/wp\/v2\/product_cat?post=22207"},{"taxonomy":"product_tag","embeddable":true,"href":"https:\/\/eem.huhtamaki.com\/pl\/wp-json\/wp\/v2\/product_tag?post=22207"}],"curies":[{"name":"wp","href":"https:\/\/api.w.org\/{rel}","templated":true}]}}