{"id":22240,"date":"2025-09-16T13:27:31","date_gmt":"2025-09-16T12:27:31","guid":{"rendered":"https:\/\/eem.wireframe.ie\/product\/future-smart-pokrywka-do-miski-salatkowej-750-1000-ml-pl\/"},"modified":"2026-02-23T13:53:29","modified_gmt":"2026-02-23T13:53:29","slug":"future-smart-pokrywka-do-miski-salatkowej-750-1000-ml-pl","status":"publish","type":"product","link":"https:\/\/eem.huhtamaki.com\/pl\/produkt\/future-smart-pokrywka-do-miski-salatkowej-750-1000-ml-pl\/","title":{"rendered":"Future Smart\u2122 pokrywka do miski sa\u0142atkowej, 750 &amp; 1000 ml"},"content":{"rendered":"<p>Przezroczyste wieczko rPET dopasowane do pojemnik\u00f3w sa\u0142atkowych o pojemno\u015bci 750 ml i 1000 ml. Zapewnia pewne zamkni\u0119cie, u\u0142atwia transport i eksponuje zawarto\u015b\u0107, idealnie sprawdzaj\u0105c si\u0119 w codziennym serwisie food\u2011to\u2011go.<\/p>\n","protected":false},"excerpt":{"rendered":"<p>Przezroczyste wieczko rPET dopasowane do pojemnik\u00f3w sa\u0142atkowych o pojemno\u015bci 750 ml i 1000 ml. Zapewnia pewne zamkni\u0119cie, u\u0142atwia transport i eksponuje zawarto\u015b\u0107, idealnie sprawdzaj\u0105c si\u0119 w codziennym serwisie food\u2011to\u2011go.<\/p>\n","protected":false},"featured_media":28828,"comment_status":"open","ping_status":"closed","template":"","meta":{"_acf_changed":false,"_relevanssi_hide_post":"","_relevanssi_hide_content":"","_relevanssi_pin_for_all":"","_relevanssi_pin_keywords":"","_relevanssi_unpin_keywords":"","_relevanssi_related_keywords":"","_relevanssi_related_include_ids":"","_relevanssi_related_exclude_ids":"","_relevanssi_related_no_append":"","_relevanssi_related_not_related":"","_relevanssi_related_posts":"","_relevanssi_noindex_reason":""},"product_brand":[],"product_cat":[2533],"product_tag":[],"class_list":{"0":"post-22240","1":"product","2":"type-product","3":"status-publish","4":"has-post-thumbnail","6":"product_cat-wieczka-pl","7":"","8":"woocommerce-text-align-center","9":"woocommerce-image-align-center","10":"do-quantity-buttons","12":"first","13":"instock","14":"shipping-taxable","15":"purchasable","16":"product-type-simple"},"acf":[],"_links":{"self":[{"href":"https:\/\/eem.huhtamaki.com\/pl\/wp-json\/wp\/v2\/product\/22240","targetHints":{"allow":["GET"]}}],"collection":[{"href":"https:\/\/eem.huhtamaki.com\/pl\/wp-json\/wp\/v2\/product"}],"about":[{"href":"https:\/\/eem.huhtamaki.com\/pl\/wp-json\/wp\/v2\/types\/product"}],"replies":[{"embeddable":true,"href":"https:\/\/eem.huhtamaki.com\/pl\/wp-json\/wp\/v2\/comments?post=22240"}],"wp:featuredmedia":[{"embeddable":true,"href":"https:\/\/eem.huhtamaki.com\/pl\/wp-json\/wp\/v2\/media\/28828"}],"wp:attachment":[{"href":"https:\/\/eem.huhtamaki.com\/pl\/wp-json\/wp\/v2\/media?parent=22240"}],"wp:term":[{"taxonomy":"product_brand","embeddable":true,"href":"https:\/\/eem.huhtamaki.com\/pl\/wp-json\/wp\/v2\/product_brand?post=22240"},{"taxonomy":"product_cat","embeddable":true,"href":"https:\/\/eem.huhtamaki.com\/pl\/wp-json\/wp\/v2\/product_cat?post=22240"},{"taxonomy":"product_tag","embeddable":true,"href":"https:\/\/eem.huhtamaki.com\/pl\/wp-json\/wp\/v2\/product_tag?post=22240"}],"curies":[{"name":"wp","href":"https:\/\/api.w.org\/{rel}","templated":true}]}}