{"id":22255,"date":"2025-09-16T13:27:42","date_gmt":"2025-09-16T12:27:42","guid":{"rendered":"https:\/\/eem.wireframe.ie\/product\/bioware-pla-fresh-close-tacka-250-ml-pl\/"},"modified":"2026-02-23T13:53:35","modified_gmt":"2026-02-23T13:53:35","slug":"bioware-pla-fresh-close-tacka-250-ml-pl","status":"publish","type":"product","link":"https:\/\/eem.huhtamaki.com\/pl\/produkt\/bioware-pla-fresh-close-tacka-250-ml-pl\/","title":{"rendered":"BioWare\u2122 PLA Fresh Close \u2013 tacka 250 ml"},"content":{"rendered":"<p>Tacki FRESH CLOSE to praktyczne rozwi\u0105zanie do serwowania i transportu zimnych potraw, takich jak sa\u0142atki, antipasti czy dania gotowe. Przezroczysta i wytrzyma\u0142a konstrukcja zapewnia wygodne u\u017cytkowanie, a szczelna forma pomaga zabezpieczy\u0107 zawarto\u015b\u0107 przed przeciekaniem. Zintegrowane zamkni\u0119cie u\u0142atwia otwieranie, nape\u0142nianie i ponowne domykanie, wspieraj\u0105c sprawn\u0105 obs\u0142ug\u0119 w punktach takeaway oraz przy ekspozycji da\u0144. Wykonane z PLA, \u0142\u0105cz\u0105 wysok\u0105 przejrzysto\u015b\u0107 z solidnymi w\u0142a\u015bciwo\u015bciami u\u017cytkowymi. Odpowiednie do potraw suchych, wilgotnych, t\u0142ustych i kwa\u015bnych.<\/p>\n","protected":false},"excerpt":{"rendered":"<p>Tacki FRESH CLOSE to praktyczne rozwi\u0105zanie do serwowania i transportu zimnych potraw, takich jak sa\u0142atki, antipasti czy dania gotowe. Przezroczysta i wytrzyma\u0142a konstrukcja zapewnia wygodne u\u017cytkowanie, a szczelna forma pomaga zabezpieczy\u0107 zawarto\u015b\u0107 przed przeciekaniem. Zintegrowane zamkni\u0119cie u\u0142atwia otwieranie, nape\u0142nianie i ponowne domykanie, wspieraj\u0105c sprawn\u0105 obs\u0142ug\u0119 w punktach takeaway oraz przy ekspozycji da\u0144. Wykonane z PLA, &#8230; <a title=\"BioWare\u2122 PLA Fresh Close \u2013 tacka 250 ml\" class=\"read-more\" href=\"https:\/\/eem.huhtamaki.com\/pl\/produkt\/bioware-pla-fresh-close-tacka-250-ml-pl\/\" aria-label=\"Dowiedz si\u0119 wi\u0119cej o BioWare\u2122 PLA Fresh Close \u2013 tacka 250 ml\">Czytaj dalej<\/a><\/p>\n","protected":false},"featured_media":28831,"comment_status":"open","ping_status":"closed","template":"","meta":{"_acf_changed":false,"_relevanssi_hide_post":"","_relevanssi_hide_content":"","_relevanssi_pin_for_all":"","_relevanssi_pin_keywords":"","_relevanssi_unpin_keywords":"","_relevanssi_related_keywords":"","_relevanssi_related_include_ids":"","_relevanssi_related_exclude_ids":"","_relevanssi_related_no_append":"","_relevanssi_related_not_related":"","_relevanssi_related_posts":"","_relevanssi_noindex_reason":""},"product_brand":[],"product_cat":[2537],"product_tag":[],"class_list":{"0":"post-22255","1":"product","2":"type-product","3":"status-publish","4":"has-post-thumbnail","6":"product_cat-pojemniki-pl","7":"","8":"woocommerce-text-align-center","9":"woocommerce-image-align-center","10":"do-quantity-buttons","12":"first","13":"instock","14":"shipping-taxable","15":"purchasable","16":"product-type-simple"},"acf":[],"_links":{"self":[{"href":"https:\/\/eem.huhtamaki.com\/pl\/wp-json\/wp\/v2\/product\/22255","targetHints":{"allow":["GET"]}}],"collection":[{"href":"https:\/\/eem.huhtamaki.com\/pl\/wp-json\/wp\/v2\/product"}],"about":[{"href":"https:\/\/eem.huhtamaki.com\/pl\/wp-json\/wp\/v2\/types\/product"}],"replies":[{"embeddable":true,"href":"https:\/\/eem.huhtamaki.com\/pl\/wp-json\/wp\/v2\/comments?post=22255"}],"wp:featuredmedia":[{"embeddable":true,"href":"https:\/\/eem.huhtamaki.com\/pl\/wp-json\/wp\/v2\/media\/28831"}],"wp:attachment":[{"href":"https:\/\/eem.huhtamaki.com\/pl\/wp-json\/wp\/v2\/media?parent=22255"}],"wp:term":[{"taxonomy":"product_brand","embeddable":true,"href":"https:\/\/eem.huhtamaki.com\/pl\/wp-json\/wp\/v2\/product_brand?post=22255"},{"taxonomy":"product_cat","embeddable":true,"href":"https:\/\/eem.huhtamaki.com\/pl\/wp-json\/wp\/v2\/product_cat?post=22255"},{"taxonomy":"product_tag","embeddable":true,"href":"https:\/\/eem.huhtamaki.com\/pl\/wp-json\/wp\/v2\/product_tag?post=22255"}],"curies":[{"name":"wp","href":"https:\/\/api.w.org\/{rel}","templated":true}]}}