{"id":22280,"date":"2025-09-16T13:28:00","date_gmt":"2025-09-16T12:28:00","guid":{"rendered":"https:\/\/eem.wireframe.ie\/product\/pet-kopulkowa-pokrywka-z-otworem-o-95-mm-pl\/"},"modified":"2026-02-23T13:53:44","modified_gmt":"2026-02-23T13:53:44","slug":"pet-kopulkowa-pokrywka-z-otworem-o-95-mm-pl","status":"publish","type":"product","link":"https:\/\/eem.huhtamaki.com\/pl\/produkt\/pet-kopulkowa-pokrywka-z-otworem-o-95-mm-pl\/","title":{"rendered":"PET \u2013 kopu\u0142kowa pokrywka z otworem, o 95 mm"},"content":{"rendered":"<p>Wieczka PET typu dome z otworem do picia, przeznaczone do kubk\u00f3w smoothie. Wypuk\u0142y kszta\u0142t zapewnia dodatkow\u0105 przestrze\u0144 na dodatki oraz efektownie podkre\u015bla wygl\u0105d smoothies, sa\u0142atek owocowych i innych zimnych napoj\u00f3w. Wieczka gwarantuj\u0105 wygodne u\u017cytkowanie, chroni\u0105 zawarto\u015b\u0107 podczas serwowania i transportu oraz pewnie przylegaj\u0105 do kompatybilnych kubk\u00f3w.<\/p>\n","protected":false},"excerpt":{"rendered":"<p>Wieczka PET typu dome z otworem do picia, przeznaczone do kubk\u00f3w smoothie. Wypuk\u0142y kszta\u0142t zapewnia dodatkow\u0105 przestrze\u0144 na dodatki oraz efektownie podkre\u015bla wygl\u0105d smoothies, sa\u0142atek owocowych i innych zimnych napoj\u00f3w. Wieczka gwarantuj\u0105 wygodne u\u017cytkowanie, chroni\u0105 zawarto\u015b\u0107 podczas serwowania i transportu oraz pewnie przylegaj\u0105 do kompatybilnych kubk\u00f3w.<\/p>\n","protected":false},"featured_media":28836,"comment_status":"open","ping_status":"closed","template":"","meta":{"_acf_changed":false,"_relevanssi_hide_post":"","_relevanssi_hide_content":"","_relevanssi_pin_for_all":"","_relevanssi_pin_keywords":"","_relevanssi_unpin_keywords":"","_relevanssi_related_keywords":"","_relevanssi_related_include_ids":"","_relevanssi_related_exclude_ids":"","_relevanssi_related_no_append":"","_relevanssi_related_not_related":"","_relevanssi_related_posts":"","_relevanssi_noindex_reason":""},"product_brand":[],"product_cat":[2533],"product_tag":[],"class_list":{"0":"post-22280","1":"product","2":"type-product","3":"status-publish","4":"has-post-thumbnail","6":"product_cat-wieczka-pl","7":"","8":"woocommerce-text-align-center","9":"woocommerce-image-align-center","10":"do-quantity-buttons","12":"first","13":"instock","14":"shipping-taxable","15":"purchasable","16":"product-type-simple"},"acf":[],"_links":{"self":[{"href":"https:\/\/eem.huhtamaki.com\/pl\/wp-json\/wp\/v2\/product\/22280","targetHints":{"allow":["GET"]}}],"collection":[{"href":"https:\/\/eem.huhtamaki.com\/pl\/wp-json\/wp\/v2\/product"}],"about":[{"href":"https:\/\/eem.huhtamaki.com\/pl\/wp-json\/wp\/v2\/types\/product"}],"replies":[{"embeddable":true,"href":"https:\/\/eem.huhtamaki.com\/pl\/wp-json\/wp\/v2\/comments?post=22280"}],"wp:featuredmedia":[{"embeddable":true,"href":"https:\/\/eem.huhtamaki.com\/pl\/wp-json\/wp\/v2\/media\/28836"}],"wp:attachment":[{"href":"https:\/\/eem.huhtamaki.com\/pl\/wp-json\/wp\/v2\/media?parent=22280"}],"wp:term":[{"taxonomy":"product_brand","embeddable":true,"href":"https:\/\/eem.huhtamaki.com\/pl\/wp-json\/wp\/v2\/product_brand?post=22280"},{"taxonomy":"product_cat","embeddable":true,"href":"https:\/\/eem.huhtamaki.com\/pl\/wp-json\/wp\/v2\/product_cat?post=22280"},{"taxonomy":"product_tag","embeddable":true,"href":"https:\/\/eem.huhtamaki.com\/pl\/wp-json\/wp\/v2\/product_tag?post=22280"}],"curies":[{"name":"wp","href":"https:\/\/api.w.org\/{rel}","templated":true}]}}