{"id":22282,"date":"2025-09-16T13:28:08","date_gmt":"2025-09-16T12:28:08","guid":{"rendered":"https:\/\/eem.wireframe.ie\/product\/bioware-pla-kubek-na-zimne-napoje-500-ml-ze-stopniem-pl\/"},"modified":"2026-02-23T13:53:48","modified_gmt":"2026-02-23T13:53:48","slug":"bioware-pla-kubek-na-zimne-napoje-500-ml-ze-stopniem-pl","status":"publish","type":"product","link":"https:\/\/eem.huhtamaki.com\/pl\/produkt\/bioware-pla-kubek-na-zimne-napoje-500-ml-ze-stopniem-pl\/","title":{"rendered":"BioWare\u2122 PLA \u2013 kubek na zimne napoje, 500 ml (ze stopniem)"},"content":{"rendered":"<p>Kubek do zimnych napoj\u00f3w wykonany jest z PLA. Przeznaczony do zimnych napoj\u00f3w i zimnych potraw, doskonale sprawdza si\u0119 do serwowania lod\u00f3w, koktajli mlecznych, smoothie i podobnych produkt\u00f3w. Jego przezroczysty wygl\u0105d sprawia, \u017ce jest atrakcyjnym i praktycznym rozwi\u0105zaniem dla szerokiej gamy zastosowa\u0144 zwi\u0105zanych z zimnymi napojami i deserami.<\/p>\n","protected":false},"excerpt":{"rendered":"<p>Kubek do zimnych napoj\u00f3w wykonany jest z PLA. Przeznaczony do zimnych napoj\u00f3w i zimnych potraw, doskonale sprawdza si\u0119 do serwowania lod\u00f3w, koktajli mlecznych, smoothie i podobnych produkt\u00f3w. Jego przezroczysty wygl\u0105d sprawia, \u017ce jest atrakcyjnym i praktycznym rozwi\u0105zaniem dla szerokiej gamy zastosowa\u0144 zwi\u0105zanych z zimnymi napojami i deserami.<\/p>\n","protected":false},"featured_media":28838,"comment_status":"open","ping_status":"closed","template":"","meta":{"_acf_changed":false,"_relevanssi_hide_post":"","_relevanssi_hide_content":"","_relevanssi_pin_for_all":"","_relevanssi_pin_keywords":"","_relevanssi_unpin_keywords":"","_relevanssi_related_keywords":"","_relevanssi_related_include_ids":"","_relevanssi_related_exclude_ids":"","_relevanssi_related_no_append":"","_relevanssi_related_not_related":"","_relevanssi_related_posts":"","_relevanssi_noindex_reason":""},"product_brand":[],"product_cat":[2528],"product_tag":[],"class_list":{"0":"post-22282","1":"product","2":"type-product","3":"status-publish","4":"has-post-thumbnail","6":"product_cat-plastikowe-kubki-na-zimne-napoje-pl","7":"","8":"woocommerce-text-align-center","9":"woocommerce-image-align-center","10":"do-quantity-buttons","12":"first","13":"instock","14":"shipping-taxable","15":"purchasable","16":"product-type-simple"},"acf":[],"_links":{"self":[{"href":"https:\/\/eem.huhtamaki.com\/pl\/wp-json\/wp\/v2\/product\/22282","targetHints":{"allow":["GET"]}}],"collection":[{"href":"https:\/\/eem.huhtamaki.com\/pl\/wp-json\/wp\/v2\/product"}],"about":[{"href":"https:\/\/eem.huhtamaki.com\/pl\/wp-json\/wp\/v2\/types\/product"}],"replies":[{"embeddable":true,"href":"https:\/\/eem.huhtamaki.com\/pl\/wp-json\/wp\/v2\/comments?post=22282"}],"wp:featuredmedia":[{"embeddable":true,"href":"https:\/\/eem.huhtamaki.com\/pl\/wp-json\/wp\/v2\/media\/28838"}],"wp:attachment":[{"href":"https:\/\/eem.huhtamaki.com\/pl\/wp-json\/wp\/v2\/media?parent=22282"}],"wp:term":[{"taxonomy":"product_brand","embeddable":true,"href":"https:\/\/eem.huhtamaki.com\/pl\/wp-json\/wp\/v2\/product_brand?post=22282"},{"taxonomy":"product_cat","embeddable":true,"href":"https:\/\/eem.huhtamaki.com\/pl\/wp-json\/wp\/v2\/product_cat?post=22282"},{"taxonomy":"product_tag","embeddable":true,"href":"https:\/\/eem.huhtamaki.com\/pl\/wp-json\/wp\/v2\/product_tag?post=22282"}],"curies":[{"name":"wp","href":"https:\/\/api.w.org\/{rel}","templated":true}]}}