{"id":22292,"date":"2026-02-02T13:40:00","date_gmt":"2026-02-02T13:40:00","guid":{"rendered":"https:\/\/eem.wireframe.ie\/product\/party-cup-400-ml-czerwono-bialy-pl\/"},"modified":"2026-02-23T13:53:49","modified_gmt":"2026-02-23T13:53:49","slug":"party-cup-400-ml-czerwono-bialy-pl","status":"publish","type":"product","link":"https:\/\/eem.huhtamaki.com\/pl\/produkt\/party-cup-400-ml-czerwono-bialy-pl\/","title":{"rendered":"Party Cup, 400 ml (czerwono-bia\u0142y)"},"content":{"rendered":"<p>Party Cup to praktyczny kubek przeznaczony do serwowania r\u00f3\u017cnorodnych napoj\u00f3w na zimno \u2014 od koktajli i drink\u00f3w mieszanych, po napoje gazowane i piwo. Dwa wyt\u0142aczane znaczniki poziomu nape\u0142nienia (200 ml i 400 ml) u\u0142atwiaj\u0105 precyzyjne porcjowanie. Kubek doskonale sprawdza si\u0119 zar\u00f3wno podczas wydarze\u0144 publicznych, jak i prywatnych spotka\u0144.<\/p>\n","protected":false},"excerpt":{"rendered":"<p>Party Cup to praktyczny kubek przeznaczony do serwowania r\u00f3\u017cnorodnych napoj\u00f3w na zimno \u2014 od koktajli i drink\u00f3w mieszanych, po napoje gazowane i piwo. Dwa wyt\u0142aczane znaczniki poziomu nape\u0142nienia (200 ml i 400 ml) u\u0142atwiaj\u0105 precyzyjne porcjowanie. Kubek doskonale sprawdza si\u0119 zar\u00f3wno podczas wydarze\u0144 publicznych, jak i prywatnych spotka\u0144.<\/p>\n","protected":false},"featured_media":28839,"comment_status":"open","ping_status":"closed","template":"","meta":{"_acf_changed":false,"_relevanssi_hide_post":"","_relevanssi_hide_content":"","_relevanssi_pin_for_all":"","_relevanssi_pin_keywords":"","_relevanssi_unpin_keywords":"","_relevanssi_related_keywords":"","_relevanssi_related_include_ids":"","_relevanssi_related_exclude_ids":"","_relevanssi_related_no_append":"","_relevanssi_related_not_related":"","_relevanssi_related_posts":"","_relevanssi_noindex_reason":""},"product_brand":[],"product_cat":[2528],"product_tag":[],"class_list":{"0":"post-22292","1":"product","2":"type-product","3":"status-publish","4":"has-post-thumbnail","6":"product_cat-plastikowe-kubki-na-zimne-napoje-pl","7":"","8":"woocommerce-text-align-center","9":"woocommerce-image-align-center","10":"do-quantity-buttons","12":"first","13":"instock","14":"shipping-taxable","15":"purchasable","16":"product-type-simple"},"acf":[],"_links":{"self":[{"href":"https:\/\/eem.huhtamaki.com\/pl\/wp-json\/wp\/v2\/product\/22292","targetHints":{"allow":["GET"]}}],"collection":[{"href":"https:\/\/eem.huhtamaki.com\/pl\/wp-json\/wp\/v2\/product"}],"about":[{"href":"https:\/\/eem.huhtamaki.com\/pl\/wp-json\/wp\/v2\/types\/product"}],"replies":[{"embeddable":true,"href":"https:\/\/eem.huhtamaki.com\/pl\/wp-json\/wp\/v2\/comments?post=22292"}],"wp:featuredmedia":[{"embeddable":true,"href":"https:\/\/eem.huhtamaki.com\/pl\/wp-json\/wp\/v2\/media\/28839"}],"wp:attachment":[{"href":"https:\/\/eem.huhtamaki.com\/pl\/wp-json\/wp\/v2\/media?parent=22292"}],"wp:term":[{"taxonomy":"product_brand","embeddable":true,"href":"https:\/\/eem.huhtamaki.com\/pl\/wp-json\/wp\/v2\/product_brand?post=22292"},{"taxonomy":"product_cat","embeddable":true,"href":"https:\/\/eem.huhtamaki.com\/pl\/wp-json\/wp\/v2\/product_cat?post=22292"},{"taxonomy":"product_tag","embeddable":true,"href":"https:\/\/eem.huhtamaki.com\/pl\/wp-json\/wp\/v2\/product_tag?post=22292"}],"curies":[{"name":"wp","href":"https:\/\/api.w.org\/{rel}","templated":true}]}}