{"id":22294,"date":"2025-09-16T13:28:14","date_gmt":"2025-09-16T12:28:14","guid":{"rendered":"https:\/\/eem.wireframe.ie\/product\/rpet-kubek-na-zimne-napoje-400-ml-pl\/"},"modified":"2026-02-23T13:53:53","modified_gmt":"2026-02-23T13:53:53","slug":"rpet-kubek-na-zimne-napoje-400-ml-pl","status":"publish","type":"product","link":"https:\/\/eem.huhtamaki.com\/pl\/produkt\/rpet-kubek-na-zimne-napoje-400-ml-pl\/","title":{"rendered":"rPET \u2013 kubek na zimne napoje, 400 ml"},"content":{"rendered":"<p>Kubki rPET to linia o wyj\u0105tkowej przejrzysto\u015bci i dopracowanej formie, stworzona z my\u015bl\u0105 o estetycznym serwowaniu napoj\u00f3w na zimno. Stabilna, precyzyjnie wyprofilowana konstrukcja zapewnia pewny chwyt i eleganck\u0105 prezentacj\u0119, idealnie wpisuj\u0105c si\u0119 w standardy nowoczesnych kawiarni i koncept\u00f3w takeaway.<\/p>\n","protected":false},"excerpt":{"rendered":"<p>Kubki rPET to linia o wyj\u0105tkowej przejrzysto\u015bci i dopracowanej formie, stworzona z my\u015bl\u0105 o estetycznym serwowaniu napoj\u00f3w na zimno. Stabilna, precyzyjnie wyprofilowana konstrukcja zapewnia pewny chwyt i eleganck\u0105 prezentacj\u0119, idealnie wpisuj\u0105c si\u0119 w standardy nowoczesnych kawiarni i koncept\u00f3w takeaway.<\/p>\n","protected":false},"featured_media":28841,"comment_status":"open","ping_status":"closed","template":"","meta":{"_acf_changed":false,"_relevanssi_hide_post":"","_relevanssi_hide_content":"","_relevanssi_pin_for_all":"","_relevanssi_pin_keywords":"","_relevanssi_unpin_keywords":"","_relevanssi_related_keywords":"","_relevanssi_related_include_ids":"","_relevanssi_related_exclude_ids":"","_relevanssi_related_no_append":"","_relevanssi_related_not_related":"","_relevanssi_related_posts":"","_relevanssi_noindex_reason":""},"product_brand":[],"product_cat":[2528],"product_tag":[],"class_list":{"0":"post-22294","1":"product","2":"type-product","3":"status-publish","4":"has-post-thumbnail","6":"product_cat-plastikowe-kubki-na-zimne-napoje-pl","7":"","8":"woocommerce-text-align-center","9":"woocommerce-image-align-center","10":"do-quantity-buttons","12":"first","13":"instock","14":"shipping-taxable","15":"purchasable","16":"product-type-simple"},"acf":[],"_links":{"self":[{"href":"https:\/\/eem.huhtamaki.com\/pl\/wp-json\/wp\/v2\/product\/22294","targetHints":{"allow":["GET"]}}],"collection":[{"href":"https:\/\/eem.huhtamaki.com\/pl\/wp-json\/wp\/v2\/product"}],"about":[{"href":"https:\/\/eem.huhtamaki.com\/pl\/wp-json\/wp\/v2\/types\/product"}],"replies":[{"embeddable":true,"href":"https:\/\/eem.huhtamaki.com\/pl\/wp-json\/wp\/v2\/comments?post=22294"}],"wp:featuredmedia":[{"embeddable":true,"href":"https:\/\/eem.huhtamaki.com\/pl\/wp-json\/wp\/v2\/media\/28841"}],"wp:attachment":[{"href":"https:\/\/eem.huhtamaki.com\/pl\/wp-json\/wp\/v2\/media?parent=22294"}],"wp:term":[{"taxonomy":"product_brand","embeddable":true,"href":"https:\/\/eem.huhtamaki.com\/pl\/wp-json\/wp\/v2\/product_brand?post=22294"},{"taxonomy":"product_cat","embeddable":true,"href":"https:\/\/eem.huhtamaki.com\/pl\/wp-json\/wp\/v2\/product_cat?post=22294"},{"taxonomy":"product_tag","embeddable":true,"href":"https:\/\/eem.huhtamaki.com\/pl\/wp-json\/wp\/v2\/product_tag?post=22294"}],"curies":[{"name":"wp","href":"https:\/\/api.w.org\/{rel}","templated":true}]}}