{"id":22297,"date":"2025-09-16T13:28:24","date_gmt":"2025-09-16T12:28:24","guid":{"rendered":"https:\/\/eem.wireframe.ie\/product\/coffee-to-go-pokrywka-o-80-mm-czarna-pl-2\/"},"modified":"2026-02-23T13:53:59","modified_gmt":"2026-02-23T13:53:59","slug":"coffee-to-go-pokrywka-o-80-mm-czarna-pl-2","status":"publish","type":"product","link":"https:\/\/eem.huhtamaki.com\/pl\/produkt\/coffee-to-go-pokrywka-o-80-mm-czarna-pl-2\/","title":{"rendered":"Coffee To Go \u2013 pokrywka o 80 mm czarna"},"content":{"rendered":"<p>Plastikowe wieczka do gor\u0105cych napoj\u00f3w zosta\u0142y zaprojektowane tak, aby ogranicza\u0107 ryzyko rozchlapywania podczas przenoszenia. Idealnie dopasowuj\u0105 si\u0119 do papierowych kubk\u00f3w Huhtamaki, zapewniaj\u0105c stabilne i wygodne u\u017cytkowanie w codziennym serwisie to\u2011go.<\/p>\n","protected":false},"excerpt":{"rendered":"<p>Plastikowe wieczka do gor\u0105cych napoj\u00f3w zosta\u0142y zaprojektowane tak, aby ogranicza\u0107 ryzyko rozchlapywania podczas przenoszenia. Idealnie dopasowuj\u0105 si\u0119 do papierowych kubk\u00f3w Huhtamaki, zapewniaj\u0105c stabilne i wygodne u\u017cytkowanie w codziennym serwisie to\u2011go.<\/p>\n","protected":false},"featured_media":28844,"comment_status":"open","ping_status":"closed","template":"","meta":{"_acf_changed":false,"_relevanssi_hide_post":"","_relevanssi_hide_content":"","_relevanssi_pin_for_all":"","_relevanssi_pin_keywords":"","_relevanssi_unpin_keywords":"","_relevanssi_related_keywords":"","_relevanssi_related_include_ids":"","_relevanssi_related_exclude_ids":"","_relevanssi_related_no_append":"","_relevanssi_related_not_related":"","_relevanssi_related_posts":"","_relevanssi_noindex_reason":""},"product_brand":[],"product_cat":[2533],"product_tag":[],"class_list":{"0":"post-22297","1":"product","2":"type-product","3":"status-publish","4":"has-post-thumbnail","6":"product_cat-wieczka-pl","7":"","8":"woocommerce-text-align-center","9":"woocommerce-image-align-center","10":"do-quantity-buttons","12":"first","13":"instock","14":"shipping-taxable","15":"purchasable","16":"product-type-simple"},"acf":[],"_links":{"self":[{"href":"https:\/\/eem.huhtamaki.com\/pl\/wp-json\/wp\/v2\/product\/22297","targetHints":{"allow":["GET"]}}],"collection":[{"href":"https:\/\/eem.huhtamaki.com\/pl\/wp-json\/wp\/v2\/product"}],"about":[{"href":"https:\/\/eem.huhtamaki.com\/pl\/wp-json\/wp\/v2\/types\/product"}],"replies":[{"embeddable":true,"href":"https:\/\/eem.huhtamaki.com\/pl\/wp-json\/wp\/v2\/comments?post=22297"}],"wp:featuredmedia":[{"embeddable":true,"href":"https:\/\/eem.huhtamaki.com\/pl\/wp-json\/wp\/v2\/media\/28844"}],"wp:attachment":[{"href":"https:\/\/eem.huhtamaki.com\/pl\/wp-json\/wp\/v2\/media?parent=22297"}],"wp:term":[{"taxonomy":"product_brand","embeddable":true,"href":"https:\/\/eem.huhtamaki.com\/pl\/wp-json\/wp\/v2\/product_brand?post=22297"},{"taxonomy":"product_cat","embeddable":true,"href":"https:\/\/eem.huhtamaki.com\/pl\/wp-json\/wp\/v2\/product_cat?post=22297"},{"taxonomy":"product_tag","embeddable":true,"href":"https:\/\/eem.huhtamaki.com\/pl\/wp-json\/wp\/v2\/product_tag?post=22297"}],"curies":[{"name":"wp","href":"https:\/\/api.w.org\/{rel}","templated":true}]}}