{"id":22312,"date":"2025-09-16T13:28:28","date_gmt":"2025-09-16T12:28:28","guid":{"rendered":"https:\/\/eem.wireframe.ie\/product\/coffee-to-go-pokrywka-o-90-mm-biala-pl\/"},"modified":"2026-02-23T13:54:01","modified_gmt":"2026-02-23T13:54:01","slug":"coffee-to-go-pokrywka-o-90-mm-biala-pl","status":"publish","type":"product","link":"https:\/\/eem.huhtamaki.com\/pl\/produkt\/coffee-to-go-pokrywka-o-90-mm-biala-pl\/","title":{"rendered":"Coffee To Go \u2013 pokrywka o 90 mm bia\u0142a"},"content":{"rendered":"<p>Plastikowe wieczka do gor\u0105cych napoj\u00f3w zosta\u0142y zaprojektowane tak, aby ogranicza\u0107 ryzyko rozchlapywania podczas przenoszenia. Idealnie dopasowuj\u0105 si\u0119 do papierowych kubk\u00f3w Huhtamaki, zapewniaj\u0105c stabilne i wygodne u\u017cytkowanie w codziennym serwisie to\u2011go.<\/p>\n","protected":false},"excerpt":{"rendered":"<p>Plastikowe wieczka do gor\u0105cych napoj\u00f3w zosta\u0142y zaprojektowane tak, aby ogranicza\u0107 ryzyko rozchlapywania podczas przenoszenia. Idealnie dopasowuj\u0105 si\u0119 do papierowych kubk\u00f3w Huhtamaki, zapewniaj\u0105c stabilne i wygodne u\u017cytkowanie w codziennym serwisie to\u2011go.<\/p>\n","protected":false},"featured_media":28845,"comment_status":"open","ping_status":"closed","template":"","meta":{"_acf_changed":false,"_relevanssi_hide_post":"","_relevanssi_hide_content":"","_relevanssi_pin_for_all":"","_relevanssi_pin_keywords":"","_relevanssi_unpin_keywords":"","_relevanssi_related_keywords":"","_relevanssi_related_include_ids":"","_relevanssi_related_exclude_ids":"","_relevanssi_related_no_append":"","_relevanssi_related_not_related":"","_relevanssi_related_posts":"","_relevanssi_noindex_reason":""},"product_brand":[],"product_cat":[2533],"product_tag":[],"class_list":{"0":"post-22312","1":"product","2":"type-product","3":"status-publish","4":"has-post-thumbnail","6":"product_cat-wieczka-pl","7":"","8":"woocommerce-text-align-center","9":"woocommerce-image-align-center","10":"do-quantity-buttons","12":"first","13":"instock","14":"shipping-taxable","15":"purchasable","16":"product-type-simple"},"acf":[],"_links":{"self":[{"href":"https:\/\/eem.huhtamaki.com\/pl\/wp-json\/wp\/v2\/product\/22312","targetHints":{"allow":["GET"]}}],"collection":[{"href":"https:\/\/eem.huhtamaki.com\/pl\/wp-json\/wp\/v2\/product"}],"about":[{"href":"https:\/\/eem.huhtamaki.com\/pl\/wp-json\/wp\/v2\/types\/product"}],"replies":[{"embeddable":true,"href":"https:\/\/eem.huhtamaki.com\/pl\/wp-json\/wp\/v2\/comments?post=22312"}],"wp:featuredmedia":[{"embeddable":true,"href":"https:\/\/eem.huhtamaki.com\/pl\/wp-json\/wp\/v2\/media\/28845"}],"wp:attachment":[{"href":"https:\/\/eem.huhtamaki.com\/pl\/wp-json\/wp\/v2\/media?parent=22312"}],"wp:term":[{"taxonomy":"product_brand","embeddable":true,"href":"https:\/\/eem.huhtamaki.com\/pl\/wp-json\/wp\/v2\/product_brand?post=22312"},{"taxonomy":"product_cat","embeddable":true,"href":"https:\/\/eem.huhtamaki.com\/pl\/wp-json\/wp\/v2\/product_cat?post=22312"},{"taxonomy":"product_tag","embeddable":true,"href":"https:\/\/eem.huhtamaki.com\/pl\/wp-json\/wp\/v2\/product_tag?post=22312"}],"curies":[{"name":"wp","href":"https:\/\/api.w.org\/{rel}","templated":true}]}}