{"id":22313,"date":"2025-09-16T13:28:36","date_gmt":"2025-09-16T12:28:36","guid":{"rendered":"https:\/\/eem.wireframe.ie\/product\/ps-thermo-vending-kubek-180-ml-brazowo-bialy-pl\/"},"modified":"2026-02-23T13:54:04","modified_gmt":"2026-02-23T13:54:04","slug":"ps-thermo-vending-kubek-180-ml-brazowo-bialy-pl","status":"publish","type":"product","link":"https:\/\/eem.huhtamaki.com\/pl\/produkt\/ps-thermo-vending-kubek-180-ml-brazowo-bialy-pl\/","title":{"rendered":"PS Thermo-Vending \u2013 kubek 180 ml (br\u0105zowo-bia\u0142y)"},"content":{"rendered":"<p>Kubki vendingowe zosta\u0142y zaprojektowane z my\u015bl\u0105 o maksymalnym komforcie u\u017cytkowania. Ich przyjemna w dotyku, termoizolacyjna struktura chroni d\u0142onie i zapewnia wygod\u0119 podczas serwowania gor\u0105cych napoj\u00f3w. Lekkie, higieniczne i praktyczne, idealnie sprawdzaj\u0105 si\u0119 w miejscach o du\u017cym nat\u0119\u017ceniu ruchu.<\/p>\n","protected":false},"excerpt":{"rendered":"<p>Kubki vendingowe zosta\u0142y zaprojektowane z my\u015bl\u0105 o maksymalnym komforcie u\u017cytkowania. Ich przyjemna w dotyku, termoizolacyjna struktura chroni d\u0142onie i zapewnia wygod\u0119 podczas serwowania gor\u0105cych napoj\u00f3w. Lekkie, higieniczne i praktyczne, idealnie sprawdzaj\u0105 si\u0119 w miejscach o du\u017cym nat\u0119\u017ceniu ruchu.<\/p>\n","protected":false},"featured_media":28846,"comment_status":"open","ping_status":"closed","template":"","meta":{"_acf_changed":false,"_relevanssi_hide_post":"","_relevanssi_hide_content":"","_relevanssi_pin_for_all":"","_relevanssi_pin_keywords":"","_relevanssi_unpin_keywords":"","_relevanssi_related_keywords":"","_relevanssi_related_include_ids":"","_relevanssi_related_exclude_ids":"","_relevanssi_related_no_append":"","_relevanssi_related_not_related":"","_relevanssi_related_posts":"","_relevanssi_noindex_reason":""},"product_brand":[],"product_cat":[2532],"product_tag":[],"class_list":{"0":"post-22313","1":"product","2":"type-product","3":"status-publish","4":"has-post-thumbnail","6":"product_cat-plastikowe-kubki-vendingowe-pl","7":"","8":"woocommerce-text-align-center","9":"woocommerce-image-align-center","10":"do-quantity-buttons","12":"first","13":"instock","14":"shipping-taxable","15":"purchasable","16":"product-type-simple"},"acf":[],"_links":{"self":[{"href":"https:\/\/eem.huhtamaki.com\/pl\/wp-json\/wp\/v2\/product\/22313","targetHints":{"allow":["GET"]}}],"collection":[{"href":"https:\/\/eem.huhtamaki.com\/pl\/wp-json\/wp\/v2\/product"}],"about":[{"href":"https:\/\/eem.huhtamaki.com\/pl\/wp-json\/wp\/v2\/types\/product"}],"replies":[{"embeddable":true,"href":"https:\/\/eem.huhtamaki.com\/pl\/wp-json\/wp\/v2\/comments?post=22313"}],"wp:featuredmedia":[{"embeddable":true,"href":"https:\/\/eem.huhtamaki.com\/pl\/wp-json\/wp\/v2\/media\/28846"}],"wp:attachment":[{"href":"https:\/\/eem.huhtamaki.com\/pl\/wp-json\/wp\/v2\/media?parent=22313"}],"wp:term":[{"taxonomy":"product_brand","embeddable":true,"href":"https:\/\/eem.huhtamaki.com\/pl\/wp-json\/wp\/v2\/product_brand?post=22313"},{"taxonomy":"product_cat","embeddable":true,"href":"https:\/\/eem.huhtamaki.com\/pl\/wp-json\/wp\/v2\/product_cat?post=22313"},{"taxonomy":"product_tag","embeddable":true,"href":"https:\/\/eem.huhtamaki.com\/pl\/wp-json\/wp\/v2\/product_tag?post=22313"}],"curies":[{"name":"wp","href":"https:\/\/api.w.org\/{rel}","templated":true}]}}