{"id":22331,"date":"2025-09-16T13:29:07","date_gmt":"2025-09-16T12:29:07","guid":{"rendered":"https:\/\/eem.wireframe.ie\/product\/chicken-box-medium-1200-ml-pl\/"},"modified":"2026-02-25T19:24:13","modified_gmt":"2026-02-25T19:24:13","slug":"chicken-box-medium-1200-ml-pl","status":"publish","type":"product","link":"https:\/\/eem.huhtamaki.com\/pl\/produkt\/chicken-box-medium-1200-ml-pl\/","title":{"rendered":"Chicken Box Medium, 1200 ml"},"content":{"rendered":"<p>Stylowe pude\u0142ka kraft z pow\u0142ok\u0105 odporn\u0105 na t\u0142uszcz \u2014 idealne do chrupi\u0105cego kurczaka oraz wszelkich da\u0144 na ciep\u0142o i zimno. Lekkie, wygodne i wyj\u0105tkowo praktyczne, \u015bwietnie sprawdz\u0105 si\u0119 w dostawie, przy konsumpcji na miejscu oraz w posi\u0142kach na wynos.<\/p>\n","protected":false},"excerpt":{"rendered":"<p>Stylowe pude\u0142ka kraft z pow\u0142ok\u0105 odporn\u0105 na t\u0142uszcz \u2014 idealne do chrupi\u0105cego kurczaka oraz wszelkich da\u0144 na ciep\u0142o i zimno. Lekkie, wygodne i wyj\u0105tkowo praktyczne, \u015bwietnie sprawdz\u0105 si\u0119 w dostawie, przy konsumpcji na miejscu oraz w posi\u0142kach na wynos.<\/p>\n","protected":false},"featured_media":28936,"comment_status":"open","ping_status":"closed","template":"","meta":{"_acf_changed":false,"_relevanssi_hide_post":"","_relevanssi_hide_content":"","_relevanssi_pin_for_all":"","_relevanssi_pin_keywords":"","_relevanssi_unpin_keywords":"","_relevanssi_related_keywords":"","_relevanssi_related_include_ids":"","_relevanssi_related_exclude_ids":"","_relevanssi_related_no_append":"","_relevanssi_related_not_related":"","_relevanssi_related_posts":"","_relevanssi_noindex_reason":""},"product_brand":[],"product_cat":[2536],"product_tag":[],"class_list":{"0":"post-22331","1":"product","2":"type-product","3":"status-publish","4":"has-post-thumbnail","6":"product_cat-pudelka-pl","7":"","8":"woocommerce-text-align-center","9":"woocommerce-image-align-center","10":"do-quantity-buttons","12":"first","13":"instock","14":"shipping-taxable","15":"purchasable","16":"product-type-simple"},"acf":[],"_links":{"self":[{"href":"https:\/\/eem.huhtamaki.com\/pl\/wp-json\/wp\/v2\/product\/22331","targetHints":{"allow":["GET"]}}],"collection":[{"href":"https:\/\/eem.huhtamaki.com\/pl\/wp-json\/wp\/v2\/product"}],"about":[{"href":"https:\/\/eem.huhtamaki.com\/pl\/wp-json\/wp\/v2\/types\/product"}],"replies":[{"embeddable":true,"href":"https:\/\/eem.huhtamaki.com\/pl\/wp-json\/wp\/v2\/comments?post=22331"}],"wp:featuredmedia":[{"embeddable":true,"href":"https:\/\/eem.huhtamaki.com\/pl\/wp-json\/wp\/v2\/media\/28936"}],"wp:attachment":[{"href":"https:\/\/eem.huhtamaki.com\/pl\/wp-json\/wp\/v2\/media?parent=22331"}],"wp:term":[{"taxonomy":"product_brand","embeddable":true,"href":"https:\/\/eem.huhtamaki.com\/pl\/wp-json\/wp\/v2\/product_brand?post=22331"},{"taxonomy":"product_cat","embeddable":true,"href":"https:\/\/eem.huhtamaki.com\/pl\/wp-json\/wp\/v2\/product_cat?post=22331"},{"taxonomy":"product_tag","embeddable":true,"href":"https:\/\/eem.huhtamaki.com\/pl\/wp-json\/wp\/v2\/product_tag?post=22331"}],"curies":[{"name":"wp","href":"https:\/\/api.w.org\/{rel}","templated":true}]}}