{"id":22342,"date":"2025-09-16T13:30:07","date_gmt":"2025-09-16T12:30:07","guid":{"rendered":"https:\/\/eem.wireframe.ie\/product\/talerz-z-wlokna-23-cm-2-komorowy-ngrb-bez-pfas-pl\/"},"modified":"2026-02-23T13:54:36","modified_gmt":"2026-02-23T13:54:36","slug":"talerz-z-wlokna-23-cm-2-komorowy-ngrb-bez-pfas-pl","status":"publish","type":"product","link":"https:\/\/eem.huhtamaki.com\/pl\/produkt\/talerz-z-wlokna-23-cm-2-komorowy-ngrb-bez-pfas-pl\/","title":{"rendered":"Talerz z w\u0142\u00f3kna 23 cm, 2-komorowy (NGRB), bez PFAS"},"content":{"rendered":"<p>Talerze Fiber to praktyczne i estetyczne rozwi\u0105zanie do nowoczesnego serwisu potraw. Stabilna konstrukcja zapewnia wygodne podawanie zar\u00f3wno lekkich przek\u0105sek, jak i pe\u0142nych da\u0144. Dost\u0119pne w kilku rozmiarach, pozwalaj\u0105 dopasowa\u0107 format talerza do ka\u017cdej okazji i rodzaju posi\u0142ku.<\/p>\n","protected":false},"excerpt":{"rendered":"<p>Talerze Fiber to praktyczne i estetyczne rozwi\u0105zanie do nowoczesnego serwisu potraw. Stabilna konstrukcja zapewnia wygodne podawanie zar\u00f3wno lekkich przek\u0105sek, jak i pe\u0142nych da\u0144. Dost\u0119pne w kilku rozmiarach, pozwalaj\u0105 dopasowa\u0107 format talerza do ka\u017cdej okazji i rodzaju posi\u0142ku.<\/p>\n","protected":false},"featured_media":0,"comment_status":"open","ping_status":"closed","template":"","meta":{"_acf_changed":false,"_relevanssi_hide_post":"","_relevanssi_hide_content":"","_relevanssi_pin_for_all":"","_relevanssi_pin_keywords":"","_relevanssi_unpin_keywords":"","_relevanssi_related_keywords":"","_relevanssi_related_include_ids":"","_relevanssi_related_exclude_ids":"","_relevanssi_related_no_append":"","_relevanssi_related_not_related":"","_relevanssi_related_posts":"","_relevanssi_noindex_reason":""},"product_brand":[],"product_cat":[2538],"product_tag":[],"class_list":{"0":"post-22342","1":"product","2":"type-product","3":"status-publish","5":"product_cat-talerze-pl","6":"","7":"woocommerce-text-align-center","8":"woocommerce-image-align-center","9":"do-quantity-buttons","11":"first","12":"instock","13":"shipping-taxable","14":"purchasable","15":"product-type-simple"},"acf":[],"_links":{"self":[{"href":"https:\/\/eem.huhtamaki.com\/pl\/wp-json\/wp\/v2\/product\/22342","targetHints":{"allow":["GET"]}}],"collection":[{"href":"https:\/\/eem.huhtamaki.com\/pl\/wp-json\/wp\/v2\/product"}],"about":[{"href":"https:\/\/eem.huhtamaki.com\/pl\/wp-json\/wp\/v2\/types\/product"}],"replies":[{"embeddable":true,"href":"https:\/\/eem.huhtamaki.com\/pl\/wp-json\/wp\/v2\/comments?post=22342"}],"wp:attachment":[{"href":"https:\/\/eem.huhtamaki.com\/pl\/wp-json\/wp\/v2\/media?parent=22342"}],"wp:term":[{"taxonomy":"product_brand","embeddable":true,"href":"https:\/\/eem.huhtamaki.com\/pl\/wp-json\/wp\/v2\/product_brand?post=22342"},{"taxonomy":"product_cat","embeddable":true,"href":"https:\/\/eem.huhtamaki.com\/pl\/wp-json\/wp\/v2\/product_cat?post=22342"},{"taxonomy":"product_tag","embeddable":true,"href":"https:\/\/eem.huhtamaki.com\/pl\/wp-json\/wp\/v2\/product_tag?post=22342"}],"curies":[{"name":"wp","href":"https:\/\/api.w.org\/{rel}","templated":true}]}}