{"id":23361,"date":"2026-02-05T13:53:19","date_gmt":"2026-02-05T13:53:19","guid":{"rendered":"https:\/\/eem.wireframe.ie\/product\/white-papierowy-kubek-na-gorace-napoje-100-ml-pl\/"},"modified":"2026-02-23T13:54:43","modified_gmt":"2026-02-23T13:54:43","slug":"white-papierowy-kubek-na-gorace-napoje-100-ml-pl","status":"publish","type":"product","link":"https:\/\/eem.huhtamaki.com\/pl\/produkt\/white-papierowy-kubek-na-gorace-napoje-100-ml-pl\/","title":{"rendered":"White \u2013 papierowy kubek na gor\u0105ce napoje, 100 ml"},"content":{"rendered":"<p>Bia\u0142y, niebrandowany kubek papierowy stworzony z my\u015bl\u0105 o serwowaniu gor\u0105cych napoj\u00f3w wsz\u0119dzie tam, gdzie liczy si\u0119 czysty, neutralny wygl\u0105d. Jego g\u0142adka powierzchnia doskonale wtapia si\u0119 w ka\u017cde otoczenie, oferuj\u0105c prosty i uniwersalny styl. Idealny do \u0142atwego brandowania naklejkami lub oznaczania zam\u00f3wie\u0144 klient\u00f3w.<\/p>\n","protected":false},"excerpt":{"rendered":"<p>Bia\u0142y, niebrandowany kubek papierowy stworzony z my\u015bl\u0105 o serwowaniu gor\u0105cych napoj\u00f3w wsz\u0119dzie tam, gdzie liczy si\u0119 czysty, neutralny wygl\u0105d. Jego g\u0142adka powierzchnia doskonale wtapia si\u0119 w ka\u017cde otoczenie, oferuj\u0105c prosty i uniwersalny styl. Idealny do \u0142atwego brandowania naklejkami lub oznaczania zam\u00f3wie\u0144 klient\u00f3w.<\/p>\n","protected":false},"featured_media":28866,"comment_status":"open","ping_status":"closed","template":"","meta":{"_acf_changed":false,"_relevanssi_hide_post":"","_relevanssi_hide_content":"","_relevanssi_pin_for_all":"","_relevanssi_pin_keywords":"","_relevanssi_unpin_keywords":"","_relevanssi_related_keywords":"","_relevanssi_related_include_ids":"","_relevanssi_related_exclude_ids":"","_relevanssi_related_no_append":"","_relevanssi_related_not_related":"","_relevanssi_related_posts":"","_relevanssi_noindex_reason":""},"product_brand":[],"product_cat":[2529],"product_tag":[],"class_list":{"0":"post-23361","1":"product","2":"type-product","3":"status-publish","4":"has-post-thumbnail","6":"product_cat-papierowe-kubki-na-cieple-napoje-pl","7":"","8":"woocommerce-text-align-center","9":"woocommerce-image-align-center","10":"do-quantity-buttons","12":"first","13":"instock","14":"shipping-taxable","15":"purchasable","16":"product-type-simple"},"acf":[],"_links":{"self":[{"href":"https:\/\/eem.huhtamaki.com\/pl\/wp-json\/wp\/v2\/product\/23361","targetHints":{"allow":["GET"]}}],"collection":[{"href":"https:\/\/eem.huhtamaki.com\/pl\/wp-json\/wp\/v2\/product"}],"about":[{"href":"https:\/\/eem.huhtamaki.com\/pl\/wp-json\/wp\/v2\/types\/product"}],"replies":[{"embeddable":true,"href":"https:\/\/eem.huhtamaki.com\/pl\/wp-json\/wp\/v2\/comments?post=23361"}],"wp:featuredmedia":[{"embeddable":true,"href":"https:\/\/eem.huhtamaki.com\/pl\/wp-json\/wp\/v2\/media\/28866"}],"wp:attachment":[{"href":"https:\/\/eem.huhtamaki.com\/pl\/wp-json\/wp\/v2\/media?parent=23361"}],"wp:term":[{"taxonomy":"product_brand","embeddable":true,"href":"https:\/\/eem.huhtamaki.com\/pl\/wp-json\/wp\/v2\/product_brand?post=23361"},{"taxonomy":"product_cat","embeddable":true,"href":"https:\/\/eem.huhtamaki.com\/pl\/wp-json\/wp\/v2\/product_cat?post=23361"},{"taxonomy":"product_tag","embeddable":true,"href":"https:\/\/eem.huhtamaki.com\/pl\/wp-json\/wp\/v2\/product_tag?post=23361"}],"curies":[{"name":"wp","href":"https:\/\/api.w.org\/{rel}","templated":true}]}}