{"id":23362,"date":"2026-02-05T14:33:12","date_gmt":"2026-02-05T14:33:12","guid":{"rendered":"https:\/\/eem.wireframe.ie\/product\/papierowa-slomka-93-mm-pl\/"},"modified":"2026-02-23T13:54:44","modified_gmt":"2026-02-23T13:54:44","slug":"papierowa-slomka-93-mm-pl","status":"publish","type":"product","link":"https:\/\/eem.huhtamaki.com\/pl\/produkt\/papierowa-slomka-93-mm-pl\/","title":{"rendered":"Papierowa s\u0142omka 9,3 mm"},"content":{"rendered":"<p>Papierowa s\u0142omka w owijce to wygodne i higieniczne rozwi\u0105zanie do serwowania napoj\u00f3w w punktach food\u2011to\u2011go. Owijka \u0142atwo si\u0119 zdejmuje, a solidnie wykonana s\u0142omka zapewnia komfortowe u\u017cytkowanie i niezawodne dzia\u0142anie.<\/p>\n","protected":false},"excerpt":{"rendered":"<p>Papierowa s\u0142omka w owijce to wygodne i higieniczne rozwi\u0105zanie do serwowania napoj\u00f3w w punktach food\u2011to\u2011go. Owijka \u0142atwo si\u0119 zdejmuje, a solidnie wykonana s\u0142omka zapewnia komfortowe u\u017cytkowanie i niezawodne dzia\u0142anie.<\/p>\n","protected":false},"featured_media":28867,"comment_status":"open","ping_status":"closed","template":"","meta":{"_acf_changed":false,"_relevanssi_hide_post":"","_relevanssi_hide_content":"","_relevanssi_pin_for_all":"","_relevanssi_pin_keywords":"","_relevanssi_unpin_keywords":"","_relevanssi_related_keywords":"","_relevanssi_related_include_ids":"","_relevanssi_related_exclude_ids":"","_relevanssi_related_no_append":"","_relevanssi_related_not_related":"","_relevanssi_related_posts":"","_relevanssi_noindex_reason":""},"product_brand":[],"product_cat":[2543],"product_tag":[],"class_list":{"0":"post-23362","1":"product","2":"type-product","3":"status-publish","4":"has-post-thumbnail","6":"product_cat-slomki-pl","7":"","8":"woocommerce-text-align-center","9":"woocommerce-image-align-center","10":"do-quantity-buttons","12":"first","13":"instock","14":"shipping-taxable","15":"purchasable","16":"product-type-simple"},"acf":[],"_links":{"self":[{"href":"https:\/\/eem.huhtamaki.com\/pl\/wp-json\/wp\/v2\/product\/23362","targetHints":{"allow":["GET"]}}],"collection":[{"href":"https:\/\/eem.huhtamaki.com\/pl\/wp-json\/wp\/v2\/product"}],"about":[{"href":"https:\/\/eem.huhtamaki.com\/pl\/wp-json\/wp\/v2\/types\/product"}],"replies":[{"embeddable":true,"href":"https:\/\/eem.huhtamaki.com\/pl\/wp-json\/wp\/v2\/comments?post=23362"}],"wp:featuredmedia":[{"embeddable":true,"href":"https:\/\/eem.huhtamaki.com\/pl\/wp-json\/wp\/v2\/media\/28867"}],"wp:attachment":[{"href":"https:\/\/eem.huhtamaki.com\/pl\/wp-json\/wp\/v2\/media?parent=23362"}],"wp:term":[{"taxonomy":"product_brand","embeddable":true,"href":"https:\/\/eem.huhtamaki.com\/pl\/wp-json\/wp\/v2\/product_brand?post=23362"},{"taxonomy":"product_cat","embeddable":true,"href":"https:\/\/eem.huhtamaki.com\/pl\/wp-json\/wp\/v2\/product_cat?post=23362"},{"taxonomy":"product_tag","embeddable":true,"href":"https:\/\/eem.huhtamaki.com\/pl\/wp-json\/wp\/v2\/product_tag?post=23362"}],"curies":[{"name":"wp","href":"https:\/\/api.w.org\/{rel}","templated":true}]}}