{"id":23372,"date":"2026-02-05T14:33:23","date_gmt":"2026-02-05T14:33:23","guid":{"rendered":"https:\/\/eem.wireframe.ie\/product\/45x17x48-papierowa-torba-z-uchwytem-pl\/"},"modified":"2026-02-24T20:59:16","modified_gmt":"2026-02-24T20:59:16","slug":"45x17x48-papierowa-torba-z-uchwytem-pl","status":"publish","type":"product","link":"https:\/\/eem.huhtamaki.com\/pl\/produkt\/45x17x48-papierowa-torba-z-uchwytem-pl\/","title":{"rendered":"45x17x48  Papierowa torba z uchwytem"},"content":{"rendered":"<p>Papierowe torby kraft w naturalnym br\u0105zie to eleganckie i praktyczne rozwi\u0105zanie do pakowania posi\u0142k\u00f3w na wynos. Wyposa\u017cone w p\u0142askie uszy, zapewniaj\u0105 wygodne, stabilne i pewne przenoszenie, nawet przy wi\u0119kszym obci\u0105\u017ceniu. Ich solidna konstrukcja sprawdza si\u0119 przy r\u00f3\u017cnych formatach da\u0144, a g\u0142adka powierzchnia umo\u017cliwia \u0142atw\u0105 personalizacj\u0119 \u2014 od prostych oznacze\u0144 po subtelny branding. Dost\u0119pno\u015b\u0107 w kilku rozmiarach pozwala dopasowa\u0107 torby do potrzeb ka\u017cdego lokalu gastronomicznego.<\/p>\n","protected":false},"excerpt":{"rendered":"<p>Papierowe torby kraft w naturalnym br\u0105zie to eleganckie i praktyczne rozwi\u0105zanie do pakowania posi\u0142k\u00f3w na wynos. Wyposa\u017cone w p\u0142askie uszy, zapewniaj\u0105 wygodne, stabilne i pewne przenoszenie, nawet przy wi\u0119kszym obci\u0105\u017ceniu. Ich solidna konstrukcja sprawdza si\u0119 przy r\u00f3\u017cnych formatach da\u0144, a g\u0142adka powierzchnia umo\u017cliwia \u0142atw\u0105 personalizacj\u0119 \u2014 od prostych oznacze\u0144 po subtelny branding. Dost\u0119pno\u015b\u0107 w kilku &#8230; <a title=\"45x17x48  Papierowa torba z uchwytem\" class=\"read-more\" href=\"https:\/\/eem.huhtamaki.com\/pl\/produkt\/45x17x48-papierowa-torba-z-uchwytem-pl\/\" aria-label=\"Dowiedz si\u0119 wi\u0119cej o 45x17x48  Papierowa torba z uchwytem\">Czytaj dalej<\/a><\/p>\n","protected":false},"featured_media":28899,"comment_status":"open","ping_status":"closed","template":"","meta":{"_acf_changed":false,"_relevanssi_hide_post":"","_relevanssi_hide_content":"","_relevanssi_pin_for_all":"","_relevanssi_pin_keywords":"","_relevanssi_unpin_keywords":"","_relevanssi_related_keywords":"","_relevanssi_related_include_ids":"","_relevanssi_related_exclude_ids":"","_relevanssi_related_no_append":"","_relevanssi_related_not_related":"","_relevanssi_related_posts":"","_relevanssi_noindex_reason":""},"product_brand":[],"product_cat":[2534],"product_tag":[],"class_list":{"0":"post-23372","1":"product","2":"type-product","3":"status-publish","4":"has-post-thumbnail","6":"product_cat-torby-papierowe-pl","7":"","8":"woocommerce-text-align-center","9":"woocommerce-image-align-center","10":"do-quantity-buttons","12":"first","13":"instock","14":"shipping-taxable","15":"purchasable","16":"product-type-simple"},"acf":[],"_links":{"self":[{"href":"https:\/\/eem.huhtamaki.com\/pl\/wp-json\/wp\/v2\/product\/23372","targetHints":{"allow":["GET"]}}],"collection":[{"href":"https:\/\/eem.huhtamaki.com\/pl\/wp-json\/wp\/v2\/product"}],"about":[{"href":"https:\/\/eem.huhtamaki.com\/pl\/wp-json\/wp\/v2\/types\/product"}],"replies":[{"embeddable":true,"href":"https:\/\/eem.huhtamaki.com\/pl\/wp-json\/wp\/v2\/comments?post=23372"}],"wp:featuredmedia":[{"embeddable":true,"href":"https:\/\/eem.huhtamaki.com\/pl\/wp-json\/wp\/v2\/media\/28899"}],"wp:attachment":[{"href":"https:\/\/eem.huhtamaki.com\/pl\/wp-json\/wp\/v2\/media?parent=23372"}],"wp:term":[{"taxonomy":"product_brand","embeddable":true,"href":"https:\/\/eem.huhtamaki.com\/pl\/wp-json\/wp\/v2\/product_brand?post=23372"},{"taxonomy":"product_cat","embeddable":true,"href":"https:\/\/eem.huhtamaki.com\/pl\/wp-json\/wp\/v2\/product_cat?post=23372"},{"taxonomy":"product_tag","embeddable":true,"href":"https:\/\/eem.huhtamaki.com\/pl\/wp-json\/wp\/v2\/product_tag?post=23372"}],"curies":[{"name":"wp","href":"https:\/\/api.w.org\/{rel}","templated":true}]}}