{"id":23375,"date":"2026-02-05T14:33:26","date_gmt":"2026-02-05T14:33:26","guid":{"rendered":"https:\/\/eem.wireframe.ie\/product\/26x14x31-papierowa-torba-bez-uchwytow-pl\/"},"modified":"2026-02-24T20:59:17","modified_gmt":"2026-02-24T20:59:17","slug":"26x14x31-papierowa-torba-bez-uchwytow-pl","status":"publish","type":"product","link":"https:\/\/eem.huhtamaki.com\/pl\/produkt\/26x14x31-papierowa-torba-bez-uchwytow-pl\/","title":{"rendered":"26x14x31  Papierowa torba bez uchwyt\u00f3w"},"content":{"rendered":"<p>Papierowe torby kraft w naturalnym br\u0105zowym kolorze oferuj\u0105 czysty, minimalistyczny wygl\u0105d, idealny do pakowania posi\u0142k\u00f3w na wynos i dostaw. Wykonane z solidnego materia\u0142u, zapewniaj\u0105 estetyczn\u0105 prezentacj\u0119 r\u00f3\u017cnych produkt\u00f3w spo\u017cywczych. G\u0142adka powierzchnia doskonale nadaje si\u0119 do personalizacji \u2014 od prostego znakowania po bardziej rozbudowany branding. Dost\u0119pne w kilku rozmiarach, co pozwala \u0142atwo dopasowa\u0107 je do r\u00f3\u017cnych potrzeb pakowania.<\/p>\n","protected":false},"excerpt":{"rendered":"<p>Papierowe torby kraft w naturalnym br\u0105zowym kolorze oferuj\u0105 czysty, minimalistyczny wygl\u0105d, idealny do pakowania posi\u0142k\u00f3w na wynos i dostaw. Wykonane z solidnego materia\u0142u, zapewniaj\u0105 estetyczn\u0105 prezentacj\u0119 r\u00f3\u017cnych produkt\u00f3w spo\u017cywczych. G\u0142adka powierzchnia doskonale nadaje si\u0119 do personalizacji \u2014 od prostego znakowania po bardziej rozbudowany branding. Dost\u0119pne w kilku rozmiarach, co pozwala \u0142atwo dopasowa\u0107 je do r\u00f3\u017cnych &#8230; <a title=\"26x14x31  Papierowa torba bez uchwyt\u00f3w\" class=\"read-more\" href=\"https:\/\/eem.huhtamaki.com\/pl\/produkt\/26x14x31-papierowa-torba-bez-uchwytow-pl\/\" aria-label=\"Dowiedz si\u0119 wi\u0119cej o 26x14x31  Papierowa torba bez uchwyt\u00f3w\">Czytaj dalej<\/a><\/p>\n","protected":false},"featured_media":28902,"comment_status":"open","ping_status":"closed","template":"","meta":{"_acf_changed":false,"_relevanssi_hide_post":"","_relevanssi_hide_content":"","_relevanssi_pin_for_all":"","_relevanssi_pin_keywords":"","_relevanssi_unpin_keywords":"","_relevanssi_related_keywords":"","_relevanssi_related_include_ids":"","_relevanssi_related_exclude_ids":"","_relevanssi_related_no_append":"","_relevanssi_related_not_related":"","_relevanssi_related_posts":"","_relevanssi_noindex_reason":""},"product_brand":[],"product_cat":[2534],"product_tag":[],"class_list":{"0":"post-23375","1":"product","2":"type-product","3":"status-publish","4":"has-post-thumbnail","6":"product_cat-torby-papierowe-pl","7":"","8":"woocommerce-text-align-center","9":"woocommerce-image-align-center","10":"do-quantity-buttons","12":"first","13":"instock","14":"shipping-taxable","15":"purchasable","16":"product-type-simple"},"acf":[],"_links":{"self":[{"href":"https:\/\/eem.huhtamaki.com\/pl\/wp-json\/wp\/v2\/product\/23375","targetHints":{"allow":["GET"]}}],"collection":[{"href":"https:\/\/eem.huhtamaki.com\/pl\/wp-json\/wp\/v2\/product"}],"about":[{"href":"https:\/\/eem.huhtamaki.com\/pl\/wp-json\/wp\/v2\/types\/product"}],"replies":[{"embeddable":true,"href":"https:\/\/eem.huhtamaki.com\/pl\/wp-json\/wp\/v2\/comments?post=23375"}],"wp:featuredmedia":[{"embeddable":true,"href":"https:\/\/eem.huhtamaki.com\/pl\/wp-json\/wp\/v2\/media\/28902"}],"wp:attachment":[{"href":"https:\/\/eem.huhtamaki.com\/pl\/wp-json\/wp\/v2\/media?parent=23375"}],"wp:term":[{"taxonomy":"product_brand","embeddable":true,"href":"https:\/\/eem.huhtamaki.com\/pl\/wp-json\/wp\/v2\/product_brand?post=23375"},{"taxonomy":"product_cat","embeddable":true,"href":"https:\/\/eem.huhtamaki.com\/pl\/wp-json\/wp\/v2\/product_cat?post=23375"},{"taxonomy":"product_tag","embeddable":true,"href":"https:\/\/eem.huhtamaki.com\/pl\/wp-json\/wp\/v2\/product_tag?post=23375"}],"curies":[{"name":"wp","href":"https:\/\/api.w.org\/{rel}","templated":true}]}}