{"id":23383,"date":"2026-02-05T14:33:33","date_gmt":"2026-02-05T14:33:33","guid":{"rendered":"https:\/\/eem.wireframe.ie\/product\/17x7x38-papierowa-saszetka-foodservice-pl\/"},"modified":"2026-02-24T20:59:26","modified_gmt":"2026-02-24T20:59:26","slug":"17x7x38-papierowa-saszetka-foodservice-pl","status":"publish","type":"product","link":"https:\/\/eem.huhtamaki.com\/pl\/produkt\/17x7x38-papierowa-saszetka-foodservice-pl\/","title":{"rendered":"17x7x38  Papierowa saszetka foodservice"},"content":{"rendered":"<p>Torebki papierowe to praktyczne rozwi\u0105zanie do podawania r\u00f3\u017cnorodnych przek\u0105sek \u2014 od hamburger\u00f3w i kanapek po frytki, nuggetsy i mniejsze dania. Uniwersalny format sprawdza si\u0119 przy wielu typach posi\u0142k\u00f3w, dzi\u0119ki czemu doskonale wpisuje si\u0119 w codzienny serwis food\u2011to\u2011go. Wykonane z papieru odpornego na przenikanie t\u0142uszczu zapewniaj\u0105 wygodne i estetyczne podawanie. Dost\u0119pne w r\u00f3\u017cnych rozmiarach i kszta\u0142tach, aby dopasowa\u0107 je do konkretnych potrzeb.<\/p>\n","protected":false},"excerpt":{"rendered":"<p>Torebki papierowe to praktyczne rozwi\u0105zanie do podawania r\u00f3\u017cnorodnych przek\u0105sek \u2014 od hamburger\u00f3w i kanapek po frytki, nuggetsy i mniejsze dania. Uniwersalny format sprawdza si\u0119 przy wielu typach posi\u0142k\u00f3w, dzi\u0119ki czemu doskonale wpisuje si\u0119 w codzienny serwis food\u2011to\u2011go. Wykonane z papieru odpornego na przenikanie t\u0142uszczu zapewniaj\u0105 wygodne i estetyczne podawanie. Dost\u0119pne w r\u00f3\u017cnych rozmiarach i kszta\u0142tach, &#8230; <a title=\"17x7x38  Papierowa saszetka foodservice\" class=\"read-more\" href=\"https:\/\/eem.huhtamaki.com\/pl\/produkt\/17x7x38-papierowa-saszetka-foodservice-pl\/\" aria-label=\"Dowiedz si\u0119 wi\u0119cej o 17x7x38  Papierowa saszetka foodservice\">Czytaj dalej<\/a><\/p>\n","protected":false},"featured_media":28910,"comment_status":"open","ping_status":"closed","template":"","meta":{"_acf_changed":false,"_relevanssi_hide_post":"","_relevanssi_hide_content":"","_relevanssi_pin_for_all":"","_relevanssi_pin_keywords":"","_relevanssi_unpin_keywords":"","_relevanssi_related_keywords":"","_relevanssi_related_include_ids":"","_relevanssi_related_exclude_ids":"","_relevanssi_related_no_append":"","_relevanssi_related_not_related":"","_relevanssi_related_posts":"","_relevanssi_noindex_reason":""},"product_brand":[],"product_cat":[2534],"product_tag":[],"class_list":{"0":"post-23383","1":"product","2":"type-product","3":"status-publish","4":"has-post-thumbnail","6":"product_cat-torby-papierowe-pl","7":"","8":"woocommerce-text-align-center","9":"woocommerce-image-align-center","10":"do-quantity-buttons","12":"first","13":"instock","14":"shipping-taxable","15":"purchasable","16":"product-type-simple"},"acf":[],"_links":{"self":[{"href":"https:\/\/eem.huhtamaki.com\/pl\/wp-json\/wp\/v2\/product\/23383","targetHints":{"allow":["GET"]}}],"collection":[{"href":"https:\/\/eem.huhtamaki.com\/pl\/wp-json\/wp\/v2\/product"}],"about":[{"href":"https:\/\/eem.huhtamaki.com\/pl\/wp-json\/wp\/v2\/types\/product"}],"replies":[{"embeddable":true,"href":"https:\/\/eem.huhtamaki.com\/pl\/wp-json\/wp\/v2\/comments?post=23383"}],"wp:featuredmedia":[{"embeddable":true,"href":"https:\/\/eem.huhtamaki.com\/pl\/wp-json\/wp\/v2\/media\/28910"}],"wp:attachment":[{"href":"https:\/\/eem.huhtamaki.com\/pl\/wp-json\/wp\/v2\/media?parent=23383"}],"wp:term":[{"taxonomy":"product_brand","embeddable":true,"href":"https:\/\/eem.huhtamaki.com\/pl\/wp-json\/wp\/v2\/product_brand?post=23383"},{"taxonomy":"product_cat","embeddable":true,"href":"https:\/\/eem.huhtamaki.com\/pl\/wp-json\/wp\/v2\/product_cat?post=23383"},{"taxonomy":"product_tag","embeddable":true,"href":"https:\/\/eem.huhtamaki.com\/pl\/wp-json\/wp\/v2\/product_tag?post=23383"}],"curies":[{"name":"wp","href":"https:\/\/api.w.org\/{rel}","templated":true}]}}