{"id":23386,"date":"2026-02-05T14:33:35","date_gmt":"2026-02-05T14:33:35","guid":{"rendered":"https:\/\/eem.wireframe.ie\/product\/31x31-owijka-papierowa-pl\/"},"modified":"2026-02-25T20:45:28","modified_gmt":"2026-02-25T20:45:28","slug":"31x31-owijka-papierowa-pl","status":"publish","type":"product","link":"https:\/\/eem.huhtamaki.com\/pl\/produkt\/31x31-owijka-papierowa-pl\/","title":{"rendered":"31&#215;31 Owijka papierowa"},"content":{"rendered":"<p>Owijki papierowe przeznaczone do bezpiecznego pakowania kanapek, burger\u00f3w i przek\u0105sek. Uniwersalny format sprawdza si\u0119 w codziennym serwisie food\u2011to\u2011go, umo\u017cliwiaj\u0105c wygodne serwowanie i pakowanie r\u00f3\u017cnych produkt\u00f3w. Dost\u0119pne w wielu rozmiarach.<\/p>\n","protected":false},"excerpt":{"rendered":"<p>Owijki papierowe przeznaczone do bezpiecznego pakowania kanapek, burger\u00f3w i przek\u0105sek. Uniwersalny format sprawdza si\u0119 w codziennym serwisie food\u2011to\u2011go, umo\u017cliwiaj\u0105c wygodne serwowanie i pakowanie r\u00f3\u017cnych produkt\u00f3w. Dost\u0119pne w wielu rozmiarach.<\/p>\n","protected":false},"featured_media":29031,"comment_status":"open","ping_status":"closed","template":"","meta":{"_acf_changed":false,"_relevanssi_hide_post":"","_relevanssi_hide_content":"","_relevanssi_pin_for_all":"","_relevanssi_pin_keywords":"","_relevanssi_unpin_keywords":"","_relevanssi_related_keywords":"","_relevanssi_related_include_ids":"","_relevanssi_related_exclude_ids":"","_relevanssi_related_no_append":"","_relevanssi_related_not_related":"","_relevanssi_related_posts":"","_relevanssi_noindex_reason":""},"product_brand":[],"product_cat":[2547],"product_tag":[],"class_list":{"0":"post-23386","1":"product","2":"type-product","3":"status-publish","4":"has-post-thumbnail","6":"product_cat-owijki-papierowe-pl","7":"","8":"woocommerce-text-align-center","9":"woocommerce-image-align-center","10":"do-quantity-buttons","12":"first","13":"instock","14":"shipping-taxable","15":"purchasable","16":"product-type-simple"},"acf":[],"_links":{"self":[{"href":"https:\/\/eem.huhtamaki.com\/pl\/wp-json\/wp\/v2\/product\/23386","targetHints":{"allow":["GET"]}}],"collection":[{"href":"https:\/\/eem.huhtamaki.com\/pl\/wp-json\/wp\/v2\/product"}],"about":[{"href":"https:\/\/eem.huhtamaki.com\/pl\/wp-json\/wp\/v2\/types\/product"}],"replies":[{"embeddable":true,"href":"https:\/\/eem.huhtamaki.com\/pl\/wp-json\/wp\/v2\/comments?post=23386"}],"wp:featuredmedia":[{"embeddable":true,"href":"https:\/\/eem.huhtamaki.com\/pl\/wp-json\/wp\/v2\/media\/29031"}],"wp:attachment":[{"href":"https:\/\/eem.huhtamaki.com\/pl\/wp-json\/wp\/v2\/media?parent=23386"}],"wp:term":[{"taxonomy":"product_brand","embeddable":true,"href":"https:\/\/eem.huhtamaki.com\/pl\/wp-json\/wp\/v2\/product_brand?post=23386"},{"taxonomy":"product_cat","embeddable":true,"href":"https:\/\/eem.huhtamaki.com\/pl\/wp-json\/wp\/v2\/product_cat?post=23386"},{"taxonomy":"product_tag","embeddable":true,"href":"https:\/\/eem.huhtamaki.com\/pl\/wp-json\/wp\/v2\/product_tag?post=23386"}],"curies":[{"name":"wp","href":"https:\/\/api.w.org\/{rel}","templated":true}]}}