{"id":23389,"date":"2026-02-05T14:33:36","date_gmt":"2026-02-05T14:33:36","guid":{"rendered":"https:\/\/eem.wireframe.ie\/product\/enjoy-kubek-papierowy-z-podwojna-scianka-z-tloczeniem-do-napojow-goracych-200ml-pl\/"},"modified":"2026-02-25T20:45:31","modified_gmt":"2026-02-25T20:45:31","slug":"enjoy-kubek-papierowy-z-podwojna-scianka-z-tloczeniem-do-napojow-goracych-200ml-pl","status":"publish","type":"product","link":"https:\/\/eem.huhtamaki.com\/pl\/produkt\/enjoy-kubek-papierowy-z-podwojna-scianka-z-tloczeniem-do-napojow-goracych-200ml-pl\/","title":{"rendered":"Enjoy- kubek papierowy z podw\u00f3jn\u0105 \u015bciank\u0105 z t\u0142oczeniem do napoj\u00f3w gor\u0105cych 200ml"},"content":{"rendered":"<p>Eleganckie kubki do gor\u0105cych napoj\u00f3w z charakterystyczn\u0105 struktur\u0105 bubble zapewniaj\u0105 wygodny chwyt i skuteczn\u0105 izolacj\u0119. Idealne do serwowania kawy i innych gor\u0105cych napoj\u00f3w na wynos. Polecane w zestawie z dopasowanymi pokrywkami.SUPD Logo: PL, BG, CS, ET, EN, HR, HU, RO, SK, SL, IT, LV, LT, DE<\/p>\n","protected":false},"excerpt":{"rendered":"<p>Eleganckie kubki do gor\u0105cych napoj\u00f3w z charakterystyczn\u0105 struktur\u0105 bubble zapewniaj\u0105 wygodny chwyt i skuteczn\u0105 izolacj\u0119. Idealne do serwowania kawy i innych gor\u0105cych napoj\u00f3w na wynos. Polecane w zestawie z dopasowanymi pokrywkami.SUPD Logo: PL, BG, CS, ET, EN, HR, HU, RO, SK, SL, IT, LV, LT, DE<\/p>\n","protected":false},"featured_media":28989,"comment_status":"open","ping_status":"closed","template":"","meta":{"_acf_changed":false,"_relevanssi_hide_post":"","_relevanssi_hide_content":"","_relevanssi_pin_for_all":"","_relevanssi_pin_keywords":"","_relevanssi_unpin_keywords":"","_relevanssi_related_keywords":"","_relevanssi_related_include_ids":"","_relevanssi_related_exclude_ids":"","_relevanssi_related_no_append":"","_relevanssi_related_not_related":"","_relevanssi_related_posts":"","_relevanssi_noindex_reason":""},"product_brand":[],"product_cat":[2546],"product_tag":[],"class_list":{"0":"post-23389","1":"product","2":"type-product","3":"status-publish","4":"has-post-thumbnail","6":"product_cat-kubki-dwuwarstwowe-tloczone-pl","7":"","8":"woocommerce-text-align-center","9":"woocommerce-image-align-center","10":"do-quantity-buttons","12":"first","13":"instock","14":"shipping-taxable","15":"purchasable","16":"product-type-simple"},"acf":[],"_links":{"self":[{"href":"https:\/\/eem.huhtamaki.com\/pl\/wp-json\/wp\/v2\/product\/23389","targetHints":{"allow":["GET"]}}],"collection":[{"href":"https:\/\/eem.huhtamaki.com\/pl\/wp-json\/wp\/v2\/product"}],"about":[{"href":"https:\/\/eem.huhtamaki.com\/pl\/wp-json\/wp\/v2\/types\/product"}],"replies":[{"embeddable":true,"href":"https:\/\/eem.huhtamaki.com\/pl\/wp-json\/wp\/v2\/comments?post=23389"}],"wp:featuredmedia":[{"embeddable":true,"href":"https:\/\/eem.huhtamaki.com\/pl\/wp-json\/wp\/v2\/media\/28989"}],"wp:attachment":[{"href":"https:\/\/eem.huhtamaki.com\/pl\/wp-json\/wp\/v2\/media?parent=23389"}],"wp:term":[{"taxonomy":"product_brand","embeddable":true,"href":"https:\/\/eem.huhtamaki.com\/pl\/wp-json\/wp\/v2\/product_brand?post=23389"},{"taxonomy":"product_cat","embeddable":true,"href":"https:\/\/eem.huhtamaki.com\/pl\/wp-json\/wp\/v2\/product_cat?post=23389"},{"taxonomy":"product_tag","embeddable":true,"href":"https:\/\/eem.huhtamaki.com\/pl\/wp-json\/wp\/v2\/product_tag?post=23389"}],"curies":[{"name":"wp","href":"https:\/\/api.w.org\/{rel}","templated":true}]}}