{"id":23392,"date":"2026-02-05T14:33:38","date_gmt":"2026-02-05T14:33:38","guid":{"rendered":"https:\/\/eem.wireframe.ie\/product\/zamkniecie-do-torby-papierowej-pl\/"},"modified":"2026-02-25T19:24:19","modified_gmt":"2026-02-25T19:24:19","slug":"zamkniecie-do-torby-papierowej-pl","status":"publish","type":"product","link":"https:\/\/eem.huhtamaki.com\/pl\/produkt\/zamkniecie-do-torby-papierowej-pl\/","title":{"rendered":"Zamkni\u0119cie do torby papierowej"},"content":{"rendered":"<p>Bag Sealer to praktyczne rozwi\u0105zanie do bezpiecznego zamykania papierowych toreb na wynos, chroni\u0105c zawarto\u015b\u0107 w trakcie transportu. Zintegrowany pasek u\u0142atwia szybkie sk\u0142adanie i zamykanie, co zwi\u0119ksza efektywno\u015b\u0107 pracy w punktach pakowania. Dzi\u0119ki estetycznemu wygl\u0105dowi i p\u0142askiej formie zajmuje niewiele miejsca i nadaje si\u0119 zar\u00f3wno do toreb z uszami, jak i bez nich. Dost\u0119pny w kolorze kraftowym lub bia\u0142ym, w wersji uniwersalnej lub z mo\u017cliwo\u015bci\u0105 personalizacji nadruku.<\/p>\n","protected":false},"excerpt":{"rendered":"<p>Bag Sealer to praktyczne rozwi\u0105zanie do bezpiecznego zamykania papierowych toreb na wynos, chroni\u0105c zawarto\u015b\u0107 w trakcie transportu. Zintegrowany pasek u\u0142atwia szybkie sk\u0142adanie i zamykanie, co zwi\u0119ksza efektywno\u015b\u0107 pracy w punktach pakowania. Dzi\u0119ki estetycznemu wygl\u0105dowi i p\u0142askiej formie zajmuje niewiele miejsca i nadaje si\u0119 zar\u00f3wno do toreb z uszami, jak i bez nich. Dost\u0119pny w kolorze &#8230; <a title=\"Zamkni\u0119cie do torby papierowej\" class=\"read-more\" href=\"https:\/\/eem.huhtamaki.com\/pl\/produkt\/zamkniecie-do-torby-papierowej-pl\/\" aria-label=\"Dowiedz si\u0119 wi\u0119cej o Zamkni\u0119cie do torby papierowej\">Czytaj dalej<\/a><\/p>\n","protected":false},"featured_media":28958,"comment_status":"open","ping_status":"closed","template":"","meta":{"_acf_changed":false,"_relevanssi_hide_post":"","_relevanssi_hide_content":"","_relevanssi_pin_for_all":"","_relevanssi_pin_keywords":"","_relevanssi_unpin_keywords":"","_relevanssi_related_keywords":"","_relevanssi_related_include_ids":"","_relevanssi_related_exclude_ids":"","_relevanssi_related_no_append":"","_relevanssi_related_not_related":"","_relevanssi_related_posts":"","_relevanssi_noindex_reason":""},"product_brand":[],"product_cat":[2534],"product_tag":[],"class_list":{"0":"post-23392","1":"product","2":"type-product","3":"status-publish","4":"has-post-thumbnail","6":"product_cat-torby-papierowe-pl","7":"","8":"woocommerce-text-align-center","9":"woocommerce-image-align-center","10":"do-quantity-buttons","12":"first","13":"instock","14":"shipping-taxable","15":"purchasable","16":"product-type-simple"},"acf":[],"_links":{"self":[{"href":"https:\/\/eem.huhtamaki.com\/pl\/wp-json\/wp\/v2\/product\/23392","targetHints":{"allow":["GET"]}}],"collection":[{"href":"https:\/\/eem.huhtamaki.com\/pl\/wp-json\/wp\/v2\/product"}],"about":[{"href":"https:\/\/eem.huhtamaki.com\/pl\/wp-json\/wp\/v2\/types\/product"}],"replies":[{"embeddable":true,"href":"https:\/\/eem.huhtamaki.com\/pl\/wp-json\/wp\/v2\/comments?post=23392"}],"wp:featuredmedia":[{"embeddable":true,"href":"https:\/\/eem.huhtamaki.com\/pl\/wp-json\/wp\/v2\/media\/28958"}],"wp:attachment":[{"href":"https:\/\/eem.huhtamaki.com\/pl\/wp-json\/wp\/v2\/media?parent=23392"}],"wp:term":[{"taxonomy":"product_brand","embeddable":true,"href":"https:\/\/eem.huhtamaki.com\/pl\/wp-json\/wp\/v2\/product_brand?post=23392"},{"taxonomy":"product_cat","embeddable":true,"href":"https:\/\/eem.huhtamaki.com\/pl\/wp-json\/wp\/v2\/product_cat?post=23392"},{"taxonomy":"product_tag","embeddable":true,"href":"https:\/\/eem.huhtamaki.com\/pl\/wp-json\/wp\/v2\/product_tag?post=23392"}],"curies":[{"name":"wp","href":"https:\/\/api.w.org\/{rel}","templated":true}]}}